{"id":68,"date":"2024-06-12T10:00:19","date_gmt":"2024-06-12T14:00:19","guid":{"rendered":"https:\/\/guydrolic.com\/?page_id=68"},"modified":"2024-10-18T09:58:12","modified_gmt":"2024-10-18T13:58:12","slug":"soumission-en-ligne","status":"publish","type":"page","link":"https:\/\/guydrolic.com\/fr\/soumission-en-ligne\/","title":{"rendered":"Soumission en ligne"},"content":{"rendered":"<p>[et_pb_section fb_built=\u00a0\u00bb1&Prime; module_class=\u00a0\u00bbhead-page texte-blanc\u00a0\u00bb _builder_version=\u00a0\u00bb4.27.0&Prime; _module_preset=\u00a0\u00bbdefault\u00a0\u00bb background_color=\u00a0\u00bb#d9d9d9&Prime; background_image=\u00a0\u00bbhttps:\/\/guydrolic.com\/wp-content\/uploads\/2024\/08\/bandeau-soumission-Guydrolic.jpg\u00a0\u00bb locked=\u00a0\u00bboff\u00a0\u00bb global_colors_info=\u00a0\u00bb{}\u00a0\u00bb][et_pb_row _builder_version=\u00a0\u00bb4.25.2&Prime; _module_preset=\u00a0\u00bbdefault\u00a0\u00bb global_colors_info=\u00a0\u00bb{}\u00a0\u00bb][et_pb_column type=\u00a0\u00bb4_4&Prime; _builder_version=\u00a0\u00bb4.25.2&Prime; _module_preset=\u00a0\u00bbdefault\u00a0\u00bb global_colors_info=\u00a0\u00bb{}\u00a0\u00bb][et_pb_text _builder_version=\u00a0\u00bb4.27.0&Prime; _module_preset=\u00a0\u00bbdefault\u00a0\u00bb global_colors_info=\u00a0\u00bb{}\u00a0\u00bb]<\/p>\n<h4>Guydrolic<\/h4>\n<h1>Demande de soumission<\/h1>\n<p>[\/et_pb_text][\/et_pb_column][\/et_pb_row][\/et_pb_section][et_pb_section fb_built=\u00a0\u00bb1&Prime; _builder_version=\u00a0\u00bb4.26.0&Prime; _module_preset=\u00a0\u00bbdefault\u00a0\u00bb global_colors_info=\u00a0\u00bb{}\u00a0\u00bb][et_pb_row _builder_version=\u00a0\u00bb4.26.0&Prime; _module_preset=\u00a0\u00bbdefault\u00a0\u00bb global_colors_info=\u00a0\u00bb{}\u00a0\u00bb][et_pb_column type=\u00a0\u00bb4_4&Prime; _builder_version=\u00a0\u00bb4.26.0&Prime; _module_preset=\u00a0\u00bbdefault\u00a0\u00bb global_colors_info=\u00a0\u00bb{}\u00a0\u00bb][et_pb_text _builder_version=\u00a0\u00bb4.27.0&Prime; _module_preset=\u00a0\u00bbdefault\u00a0\u00bb global_colors_info=\u00a0\u00bb{}\u00a0\u00bb]<\/p>\n<h2 style=\"text-align: center;\">Faites-nous part de vos besoins<\/h2>\n<p style=\"text-align: center;\">Parlez-nous de vos besoins en m\u00e9canique et entretien de machinerie lourde, ou tout autre besoin. Nous nous ferons un plaisir de vous r\u00e9pondre.<\/p>\n<p>[\/et_pb_text][et_pb_code module_class=\u00a0\u00bbcontact-form\u00a0\u00bb _builder_version=\u00a0\u00bb4.27.2&Prime; _module_preset=\u00a0\u00bbdefault\u00a0\u00bb hover_enabled=\u00a0\u00bb0&Prime; global_colors_info=\u00a0\u00bb{}\u00a0\u00bb sticky_enabled=\u00a0\u00bb0&Prime;]\n<div class=\"wpcf7 no-js\" id=\"wpcf7-f258713-o1\" lang=\"fr-FR\" dir=\"ltr\" data-wpcf7-id=\"258713\">\n<div class=\"screen-reader-response\"><p role=\"status\" aria-live=\"polite\" aria-atomic=\"true\"><\/p> <ul><\/ul><\/div>\n<form action=\"\/fr\/wp-json\/wp\/v2\/pages\/68#wpcf7-f258713-o1\" method=\"post\" class=\"wpcf7-form init\" aria-label=\"Formulaire de contact\" enctype=\"multipart\/form-data\" novalidate=\"novalidate\" data-status=\"init\">\n<fieldset class=\"hidden-fields-container\"><input type=\"hidden\" name=\"_wpcf7\" value=\"258713\" \/><input type=\"hidden\" name=\"_wpcf7_version\" value=\"6.1.5\" \/><input type=\"hidden\" name=\"_wpcf7_locale\" value=\"fr_FR\" \/><input type=\"hidden\" name=\"_wpcf7_unit_tag\" value=\"wpcf7-f258713-o1\" \/><input type=\"hidden\" name=\"_wpcf7_container_post\" value=\"0\" \/><input type=\"hidden\" name=\"_wpcf7_posted_data_hash\" value=\"\" \/><input type=\"hidden\" name=\"_wpcf7_recaptcha_response\" value=\"\" \/>\n<\/fieldset>\n<div class=\"formulaire\">\n\t<p><span class=\"wpcf7-form-control-wrap\" data-name=\"entreprise\"><input size=\"40\" maxlength=\"400\" class=\"wpcf7-form-control wpcf7-text\" aria-invalid=\"false\" placeholder=\"Nom de l&#039;entreprise\" value=\"\" type=\"text\" name=\"entreprise\" \/><\/span>\n\t<\/p>\n<\/div>\n<div class=\"input-50\">\n\t<p><span class=\"wpcf7-form-control-wrap\" data-name=\"nom\"><input size=\"40\" maxlength=\"400\" class=\"wpcf7-form-control wpcf7-text wpcf7-validates-as-required\" aria-required=\"true\" aria-invalid=\"false\" placeholder=\"Nom complet\" value=\"\" type=\"text\" name=\"nom\" \/><\/span><br \/>\n<span class=\"wpcf7-form-control-wrap\" data-name=\"tel\"><input size=\"40\" maxlength=\"400\" class=\"wpcf7-form-control wpcf7-tel wpcf7-text wpcf7-validates-as-tel\" aria-invalid=\"false\" placeholder=\"Num\u00e9ro de t\u00e9l\u00e9phone\" value=\"\" type=\"tel\" name=\"tel\" \/><\/span>\n\t<\/p>\n<\/div>\n<p><span class=\"wpcf7-form-control-wrap\" data-name=\"courriel\"><input size=\"40\" maxlength=\"400\" class=\"wpcf7-form-control wpcf7-email wpcf7-validates-as-required wpcf7-text wpcf7-validates-as-email\" aria-required=\"true\" aria-invalid=\"false\" placeholder=\"Adresse courriel\" value=\"\" type=\"email\" name=\"courriel\" \/><\/span><br \/>\n<span class=\"wpcf7-form-control-wrap\" data-name=\"message\"><textarea cols=\"40\" rows=\"10\" maxlength=\"2000\" class=\"wpcf7-form-control wpcf7-textarea\" aria-invalid=\"false\" placeholder=\"Description de votre besoin\" name=\"message\"><\/textarea><\/span><br \/>\n<span class=\"wpcf7-form-control-wrap\" data-name=\"fichier\"><input size=\"40\" class=\"wpcf7-form-control wpcf7-file\" accept=\"image\/*,.txt,application\/pdf\" aria-invalid=\"false\" type=\"file\" name=\"fichier\" \/><\/span>\n<\/p>\n<p><input class=\"wpcf7-form-control wpcf7-submit has-spinner\" type=\"submit\" value=\"Envoyer\" \/>\n<\/p><div class=\"wpcf7-response-output\" aria-hidden=\"true\"><\/div>\n<\/form>\n<\/div>\n[\/et_pb_code][\/et_pb_column][\/et_pb_row][\/et_pb_section][et_pb_section fb_built=\u00a0\u00bb1&Prime; _builder_version=\u00a0\u00bb4.25.1&Prime; _module_preset=\u00a0\u00bbdefault\u00a0\u00bb background_image=\u00a0\u00bbhttps:\/\/guydrolic.com\/wp-content\/uploads\/2024\/06\/fond-vert-pointille-guydrolic.svg\u00a0\u00bb locked=\u00a0\u00bboff\u00a0\u00bb global_colors_info=\u00a0\u00bb{}\u00a0\u00bb][et_pb_row _builder_version=\u00a0\u00bb4.25.1&Prime; _module_preset=\u00a0\u00bbdefault\u00a0\u00bb custom_padding=\u00a0\u00bb||0px||false|false\u00a0\u00bb global_colors_info=\u00a0\u00bb{}\u00a0\u00bb][et_pb_column type=\u00a0\u00bb4_4&Prime; _builder_version=\u00a0\u00bb4.25.1&Prime; _module_preset=\u00a0\u00bbdefault\u00a0\u00bb global_colors_info=\u00a0\u00bb{}\u00a0\u00bb][et_pb_text module_class=\u00a0\u00bbtexte-blanc\u00a0\u00bb _builder_version=\u00a0\u00bb4.27.0&Prime; _module_preset=\u00a0\u00bbdefault\u00a0\u00bb global_colors_info=\u00a0\u00bb{}\u00a0\u00bb]<\/p>\n<h2 style=\"text-align: center;\">Sp\u00e9cialistes en m\u00e9canique\u2028de machineries lourdes<\/h2>\n<p style=\"text-align: center;\">Chez Guydrolic, nous sommes fiers de notre diversit\u00e9 de d\u00e9partements et de services. Notre vaste expertise nous permet de r\u00e9pondre sp\u00e9cifiquement \u00e0 vos besoins avec pr\u00e9cision et efficacit\u00e9. Soyez assur\u00e9s par notre \u00e9quipe pour vous offrir des solutions adapt\u00e9es et un service de qualit\u00e9 sup\u00e9rieure.<\/p>\n<p>[\/et_pb_text][\/et_pb_column][\/et_pb_row][et_pb_row column_structure=\u00a0\u00bb1_3,1_3,1_3&Prime; _builder_version=\u00a0\u00bb4.25.1&Prime; _module_preset=\u00a0\u00bbdefault\u00a0\u00bb global_colors_info=\u00a0\u00bb{}\u00a0\u00bb][et_pb_column type=\u00a0\u00bb1_3&Prime; _builder_version=\u00a0\u00bb4.25.1&Prime; _module_preset=\u00a0\u00bbdefault\u00a0\u00bb global_colors_info=\u00a0\u00bb{}\u00a0\u00bb][et_pb_blurb title=\u00a0\u00bbM\u00e9canique de machinerie lourde\u00a0\u00bb image=\u00a0\u00bbhttps:\/\/guydrolic.com\/wp-content\/uploads\/2024\/06\/icone-mecanique-de-machinerie-lourde-guydrolic-1.svg\u00a0\u00bb alt=\u00a0\u00bbicone-mecanique-de-machinerie-lourde-guydrolic\u00a0\u00bb icon_alignment=\u00a0\u00bbleft\u00a0\u00bb module_class=\u00a0\u00bbtexte-blanc services\u00a0\u00bb _builder_version=\u00a0\u00bb4.27.0&Prime; _module_preset=\u00a0\u00bbdefault\u00a0\u00bb header_level=\u00a0\u00bbh6&Prime; global_colors_info=\u00a0\u00bb{}\u00a0\u00bb][\/et_pb_blurb][et_pb_button button_url=\u00a0\u00bbhttps:\/\/guydrolic.com\/fr\/services\/#mecanique\u00a0\u00bb button_text=\u00a0\u00bbM\u00e9canique\u00a0\u00bb button_alignment=\u00a0\u00bbcenter\u00a0\u00bb _builder_version=\u00a0\u00bb4.25.1&Prime; _module_preset=\u00a0\u00bbdefault\u00a0\u00bb global_colors_info=\u00a0\u00bb{}\u00a0\u00bb][\/et_pb_button][\/et_pb_column][et_pb_column type=\u00a0\u00bb1_3&Prime; _builder_version=\u00a0\u00bb4.25.1&Prime; _module_preset=\u00a0\u00bbdefault\u00a0\u00bb global_colors_info=\u00a0\u00bb{}\u00a0\u00bb][et_pb_blurb title=\u00a0\u00bbFabrication, r\u00e9paration et vente de composantes hydrauliques\u00a0\u00bb image=\u00a0\u00bbhttps:\/\/guydrolic.com\/wp-content\/uploads\/2024\/06\/icone-composantes-hydraulique-guydrolic-1.svg\u00a0\u00bb alt=\u00a0\u00bbicone-composantes-hydraulique-guydrolic\u00a0\u00bb icon_alignment=\u00a0\u00bbleft\u00a0\u00bb module_class=\u00a0\u00bbtexte-blanc services\u00a0\u00bb _builder_version=\u00a0\u00bb4.27.0&Prime; _module_preset=\u00a0\u00bbdefault\u00a0\u00bb header_level=\u00a0\u00bbh6&Prime; global_colors_info=\u00a0\u00bb{}\u00a0\u00bb][\/et_pb_blurb][et_pb_button button_url=\u00a0\u00bbhttps:\/\/guydrolic.com\/fr\/services\/#composantes-hydrolique\u00a0\u00bb button_text=\u00a0\u00bbComposantes hydraulique\u00a0\u00bb button_alignment=\u00a0\u00bbcenter\u00a0\u00bb _builder_version=\u00a0\u00bb4.25.1&Prime; _module_preset=\u00a0\u00bbdefault\u00a0\u00bb global_colors_info=\u00a0\u00bb{}\u00a0\u00bb][\/et_pb_button][\/et_pb_column][et_pb_column type=\u00a0\u00bb1_3&Prime; _builder_version=\u00a0\u00bb4.25.1&Prime; _module_preset=\u00a0\u00bbdefault\u00a0\u00bb global_colors_info=\u00a0\u00bb{}\u00a0\u00bb][et_pb_blurb title=\u00a0\u00bbInspections d&rsquo;\u00e9l\u00e9vateurs, chariots \u00e9l\u00e9vateurs et de transpalettes \u00e9lectriques\u00a0\u00bb image=\u00a0\u00bbhttps:\/\/guydrolic.com\/wp-content\/uploads\/2024\/06\/icone-inspection-guydrolic.svg\u00a0\u00bb alt=\u00a0\u00bbicone-inspection-guydrolic\u00a0\u00bb icon_alignment=\u00a0\u00bbleft\u00a0\u00bb module_class=\u00a0\u00bbtexte-blanc services\u00a0\u00bb _builder_version=\u00a0\u00bb4.27.0&Prime; _module_preset=\u00a0\u00bbdefault\u00a0\u00bb header_level=\u00a0\u00bbh6&Prime; global_colors_info=\u00a0\u00bb{}\u00a0\u00bb][\/et_pb_blurb][et_pb_button button_url=\u00a0\u00bbhttps:\/\/guydrolic.com\/fr\/services\/#inspection\u00a0\u00bb button_text=\u00a0\u00bbInspection\u00a0\u00bb button_alignment=\u00a0\u00bbcenter\u00a0\u00bb _builder_version=\u00a0\u00bb4.25.1&Prime; _module_preset=\u00a0\u00bbdefault\u00a0\u00bb global_colors_info=\u00a0\u00bb{}\u00a0\u00bb][\/et_pb_button][\/et_pb_column][\/et_pb_row][et_pb_row column_structure=\u00a0\u00bb1_3,1_3,1_3&Prime; _builder_version=\u00a0\u00bb4.25.1&Prime; _module_preset=\u00a0\u00bbdefault\u00a0\u00bb global_colors_info=\u00a0\u00bb{}\u00a0\u00bb][et_pb_column type=\u00a0\u00bb1_3&Prime; _builder_version=\u00a0\u00bb4.25.1&Prime; _module_preset=\u00a0\u00bbdefault\u00a0\u00bb global_colors_info=\u00a0\u00bb{}\u00a0\u00bb][et_pb_blurb title=\u00a0\u00bbService de livraison de pi\u00e8ces et \u00e9quipements\u00a0\u00bb image=\u00a0\u00bbhttps:\/\/guydrolic.com\/wp-content\/uploads\/2024\/06\/icone-livraison-guydrolic.svg\u00a0\u00bb alt=\u00a0\u00bbicone-livraison-guydrolic\u00a0\u00bb icon_alignment=\u00a0\u00bbleft\u00a0\u00bb module_class=\u00a0\u00bbtexte-blanc services\u00a0\u00bb _builder_version=\u00a0\u00bb4.27.0&Prime; _module_preset=\u00a0\u00bbdefault\u00a0\u00bb header_level=\u00a0\u00bbh6&Prime; global_colors_info=\u00a0\u00bb{}\u00a0\u00bb][\/et_pb_blurb][et_pb_button button_url=\u00a0\u00bbhttps:\/\/guydrolic.com\/fr\/services\/#livraison\u00a0\u00bb button_text=\u00a0\u00bbLivraison\u00a0\u00bb button_alignment=\u00a0\u00bbcenter\u00a0\u00bb _builder_version=\u00a0\u00bb4.25.1&Prime; _module_preset=\u00a0\u00bbdefault\u00a0\u00bb global_colors_info=\u00a0\u00bb{}\u00a0\u00bb][\/et_pb_button][\/et_pb_column][et_pb_column type=\u00a0\u00bb1_3&Prime; _builder_version=\u00a0\u00bb4.25.1&Prime; _module_preset=\u00a0\u00bbdefault\u00a0\u00bb global_colors_info=\u00a0\u00bb{}\u00a0\u00bb][et_pb_blurb title=\u00a0\u00bbService routier de r\u00e9paration\u00a0\u00bb image=\u00a0\u00bbhttps:\/\/guydrolic.com\/wp-content\/uploads\/2024\/06\/icone-entretien-guydrolic.svg\u00a0\u00bb alt=\u00a0\u00bbicone-entretien-guydrolic\u00a0\u00bb icon_alignment=\u00a0\u00bbleft\u00a0\u00bb module_class=\u00a0\u00bbtexte-blanc services\u00a0\u00bb _builder_version=\u00a0\u00bb4.27.0&Prime; _module_preset=\u00a0\u00bbdefault\u00a0\u00bb header_level=\u00a0\u00bbh6&Prime; global_colors_info=\u00a0\u00bb{}\u00a0\u00bb][\/et_pb_blurb][et_pb_button button_url=\u00a0\u00bbhttps:\/\/guydrolic.com\/fr\/services\/#entretien\u00a0\u00bb button_text=\u00a0\u00bbEntretien\u00a0\u00bb button_alignment=\u00a0\u00bbcenter\u00a0\u00bb _builder_version=\u00a0\u00bb4.25.1&Prime; _module_preset=\u00a0\u00bbdefault\u00a0\u00bb global_colors_info=\u00a0\u00bb{}\u00a0\u00bb][\/et_pb_button][\/et_pb_column][et_pb_column type=\u00a0\u00bb1_3&Prime; _builder_version=\u00a0\u00bb4.25.1&Prime; _module_preset=\u00a0\u00bbdefault\u00a0\u00bb global_colors_info=\u00a0\u00bb{}\u00a0\u00bb][et_pb_blurb title=\u00a0\u00bbAtelier de soudure et d&rsquo;usinage\u00a0\u00bb image=\u00a0\u00bbhttps:\/\/guydrolic.com\/wp-content\/uploads\/2024\/08\/icone-soudure-guydrolic-1.svg\u00a0\u00bb alt=\u00a0\u00bbicone-soudure-guydrolic\u00a0\u00bb icon_alignment=\u00a0\u00bbleft\u00a0\u00bb module_class=\u00a0\u00bbtexte-blanc services\u00a0\u00bb _builder_version=\u00a0\u00bb4.27.0&Prime; _module_preset=\u00a0\u00bbdefault\u00a0\u00bb header_level=\u00a0\u00bbh6&Prime; custom_padding=\u00a0\u00bb||0px|||\u00a0\u00bb global_colors_info=\u00a0\u00bb{}\u00a0\u00bb][\/et_pb_blurb][et_pb_button button_url=\u00a0\u00bbhttps:\/\/guydrolic.com\/fr\/services\/#inspection\u00a0\u00bb button_text=\u00a0\u00bbSoudure et usinage\u00a0\u00bb button_alignment=\u00a0\u00bbcenter\u00a0\u00bb _builder_version=\u00a0\u00bb4.27.0&Prime; _module_preset=\u00a0\u00bbdefault\u00a0\u00bb global_colors_info=\u00a0\u00bb{}\u00a0\u00bb][\/et_pb_button][\/et_pb_column][\/et_pb_row][\/et_pb_section]<\/p>\n","protected":false},"excerpt":{"rendered":"<p>Guydrolic Demande de soumissionFaites-nous part de vos besoins Parlez-nous de vos besoins en m\u00e9canique et entretien de machinerie lourde, ou tout autre besoin. Nous nous ferons un plaisir de vous r\u00e9pondre.\n<div class=\"wpcf7 no-js\" id=\"wpcf7-f258713-o2\" lang=\"fr-FR\" dir=\"ltr\" data-wpcf7-id=\"258713\">\n<div class=\"screen-reader-response\"><p role=\"status\" aria-live=\"polite\" aria-atomic=\"true\"><\/p> <ul><\/ul><\/div>\n<form action=\"\/fr\/wp-json\/wp\/v2\/pages\/68#wpcf7-f258713-o2\" method=\"post\" class=\"wpcf7-form init\" aria-label=\"Formulaire de contact\" enctype=\"multipart\/form-data\" novalidate=\"novalidate\" data-status=\"init\">\n<fieldset class=\"hidden-fields-container\"><input type=\"hidden\" name=\"_wpcf7\" value=\"258713\" \/><input type=\"hidden\" name=\"_wpcf7_version\" value=\"6.1.5\" \/><input type=\"hidden\" name=\"_wpcf7_locale\" value=\"fr_FR\" \/><input type=\"hidden\" name=\"_wpcf7_unit_tag\" value=\"wpcf7-f258713-o2\" \/><input type=\"hidden\" name=\"_wpcf7_container_post\" value=\"0\" \/><input type=\"hidden\" name=\"_wpcf7_posted_data_hash\" value=\"\" \/><input type=\"hidden\" name=\"_wpcf7_recaptcha_response\" value=\"\" \/>\n<\/fieldset>\n<div class=\"formulaire\">\n\t<p><span class=\"wpcf7-form-control-wrap\" data-name=\"entreprise\"><input size=\"40\" maxlength=\"400\" class=\"wpcf7-form-control wpcf7-text\" aria-invalid=\"false\" placeholder=\"Nom de l&#039;entreprise\" value=\"\" type=\"text\" name=\"entreprise\" \/><\/span>\n\t<\/p>\n<\/div>\n<div class=\"input-50\">\n\t<p><span class=\"wpcf7-form-control-wrap\" data-name=\"nom\"><input size=\"40\" maxlength=\"400\" class=\"wpcf7-form-control wpcf7-text wpcf7-validates-as-required\" aria-required=\"true\" aria-invalid=\"false\" placeholder=\"Nom complet\" value=\"\" type=\"text\" name=\"nom\" \/><\/span><br \/>\n<span class=\"wpcf7-form-control-wrap\" data-name=\"tel\"><input size=\"40\" maxlength=\"400\" class=\"wpcf7-form-control wpcf7-tel wpcf7-text wpcf7-validates-as-tel\" aria-invalid=\"false\" placeholder=\"Num\u00e9ro de t\u00e9l\u00e9phone\" value=\"\" type=\"tel\" name=\"tel\" \/><\/span>\n\t<\/p>\n<\/div>\n<p><span class=\"wpcf7-form-control-wrap\" data-name=\"courriel\"><input size=\"40\" maxlength=\"400\" class=\"wpcf7-form-control wpcf7-email wpcf7-validates-as-required wpcf7-text wpcf7-validates-as-email\" aria-required=\"true\" aria-invalid=\"false\" placeholder=\"Adresse courriel\" value=\"\" type=\"email\" name=\"courriel\" \/><\/span><br \/>\n<span class=\"wpcf7-form-control-wrap\" data-name=\"message\"><textarea cols=\"40\" rows=\"10\" maxlength=\"2000\" class=\"wpcf7-form-control wpcf7-textarea\" aria-invalid=\"false\" placeholder=\"Description de votre besoin\" name=\"message\"><\/textarea><\/span><br \/>\n<span class=\"wpcf7-form-control-wrap\" data-name=\"fichier\"><input size=\"40\" class=\"wpcf7-form-control wpcf7-file\" accept=\"image\/*,.txt,application\/pdf\" aria-invalid=\"false\" type=\"file\" name=\"fichier\" \/><\/span>\n<\/p>\n<p><input class=\"wpcf7-form-control wpcf7-submit has-spinner\" type=\"submit\" value=\"Envoyer\" \/>\n<\/p><div class=\"wpcf7-response-output\" aria-hidden=\"true\"><\/div>\n<\/form>\n<\/div>\nSp\u00e9cialistes en m\u00e9canique\u2028de machineries lourdes Chez Guydrolic, nous sommes fiers de notre diversit\u00e9 de d\u00e9partements et de services. Notre vaste expertise [&hellip;]<\/p>\n","protected":false},"author":5,"featured_media":0,"parent":0,"menu_order":0,"comment_status":"closed","ping_status":"closed","template":"","meta":{"_et_pb_use_builder":"on","_et_pb_old_content":"<!-- wp:divi\/placeholder \/-->","_et_gb_content_width":"","footnotes":""},"class_list":["post-68","page","type-page","status-publish","hentry"],"yoast_head":"<!-- This site is optimized with the Yoast SEO plugin v27.6 - https:\/\/yoast.com\/product\/yoast-seo-wordpress\/ -->\n<title>Faites-nous part de vos besoins en machinerie lourde | Guydrolic<\/title>\n<meta name=\"description\" content=\"Parlez-nous de vos besoins en m\u00e9canique et entretien de machinerie lourde. Nous nous ferons un plaisir de vous r\u00e9pondre.\" \/>\n<meta name=\"robots\" content=\"index, follow, max-snippet:-1, max-image-preview:large, max-video-preview:-1\" \/>\n<link rel=\"canonical\" href=\"https:\/\/guydrolic.com\/fr\/soumission-en-ligne\/\" \/>\n<meta property=\"og:locale\" content=\"fr_FR\" \/>\n<meta property=\"og:type\" content=\"article\" \/>\n<meta property=\"og:title\" content=\"Faites-nous part de vos besoins en machinerie lourde | Guydrolic\" \/>\n<meta property=\"og:description\" content=\"Parlez-nous de vos besoins en m\u00e9canique et entretien de machinerie lourde. Nous nous ferons un plaisir de vous r\u00e9pondre.\" \/>\n<meta property=\"og:url\" content=\"https:\/\/guydrolic.com\/fr\/soumission-en-ligne\/\" \/>\n<meta property=\"og:site_name\" content=\"Guydrolic Inc.\" \/>\n<meta property=\"article:modified_time\" content=\"2024-10-18T13:58:12+00:00\" \/>\n<meta name=\"twitter:card\" content=\"summary_large_image\" \/>\n<meta name=\"twitter:label1\" content=\"Dur\u00e9e de lecture estim\u00e9e\" \/>\n\t<meta name=\"twitter:data1\" content=\"2 minutes\" \/>\n<script type=\"application\/ld+json\" class=\"yoast-schema-graph\">{\"@context\":\"https:\\\/\\\/schema.org\",\"@graph\":[{\"@type\":\"WebPage\",\"@id\":\"https:\\\/\\\/guydrolic.com\\\/fr\\\/soumission-en-ligne\\\/\",\"url\":\"https:\\\/\\\/guydrolic.com\\\/fr\\\/soumission-en-ligne\\\/\",\"name\":\"Faites-nous part de vos besoins en machinerie lourde | Guydrolic\",\"isPartOf\":{\"@id\":\"https:\\\/\\\/guydrolic.com\\\/fr\\\/#website\"},\"datePublished\":\"2024-06-12T14:00:19+00:00\",\"dateModified\":\"2024-10-18T13:58:12+00:00\",\"description\":\"Parlez-nous de vos besoins en m\u00e9canique et entretien de machinerie lourde. Nous nous ferons un plaisir de vous r\u00e9pondre.\",\"breadcrumb\":{\"@id\":\"https:\\\/\\\/guydrolic.com\\\/fr\\\/soumission-en-ligne\\\/#breadcrumb\"},\"inLanguage\":\"fr-FR\",\"potentialAction\":[{\"@type\":\"ReadAction\",\"target\":[\"https:\\\/\\\/guydrolic.com\\\/fr\\\/soumission-en-ligne\\\/\"]}]},{\"@type\":\"BreadcrumbList\",\"@id\":\"https:\\\/\\\/guydrolic.com\\\/fr\\\/soumission-en-ligne\\\/#breadcrumb\",\"itemListElement\":[{\"@type\":\"ListItem\",\"position\":1,\"name\":\"Accueil\",\"item\":\"https:\\\/\\\/guydrolic.com\\\/fr\\\/\"},{\"@type\":\"ListItem\",\"position\":2,\"name\":\"Soumission en ligne\"}]},{\"@type\":\"WebSite\",\"@id\":\"https:\\\/\\\/guydrolic.com\\\/fr\\\/#website\",\"url\":\"https:\\\/\\\/guydrolic.com\\\/fr\\\/\",\"name\":\"Guydrolic Inc.\",\"description\":\"Concessionnaire Kobelco Canada\",\"publisher\":{\"@id\":\"https:\\\/\\\/guydrolic.com\\\/fr\\\/#organization\"},\"potentialAction\":[{\"@type\":\"SearchAction\",\"target\":{\"@type\":\"EntryPoint\",\"urlTemplate\":\"https:\\\/\\\/guydrolic.com\\\/fr\\\/?s={search_term_string}\"},\"query-input\":{\"@type\":\"PropertyValueSpecification\",\"valueRequired\":true,\"valueName\":\"search_term_string\"}}],\"inLanguage\":\"fr-FR\"},{\"@type\":\"Organization\",\"@id\":\"https:\\\/\\\/guydrolic.com\\\/fr\\\/#organization\",\"name\":\"Guydrolic\",\"url\":\"https:\\\/\\\/guydrolic.com\\\/fr\\\/\",\"logo\":{\"@type\":\"ImageObject\",\"inLanguage\":\"fr-FR\",\"@id\":\"https:\\\/\\\/guydrolic.com\\\/fr\\\/#\\\/schema\\\/logo\\\/image\\\/\",\"url\":\"https:\\\/\\\/guydrolic.com\\\/wp-content\\\/uploads\\\/2024\\\/09\\\/logo-guydrolic-2.svg\",\"contentUrl\":\"https:\\\/\\\/guydrolic.com\\\/wp-content\\\/uploads\\\/2024\\\/09\\\/logo-guydrolic-2.svg\",\"width\":409,\"height\":138,\"caption\":\"Guydrolic\"},\"image\":{\"@id\":\"https:\\\/\\\/guydrolic.com\\\/fr\\\/#\\\/schema\\\/logo\\\/image\\\/\"}}]}<\/script>\n<!-- \/ Yoast SEO plugin. -->","yoast_head_json":{"title":"Faites-nous part de vos besoins en machinerie lourde | Guydrolic","description":"Parlez-nous de vos besoins en m\u00e9canique et entretien de machinerie lourde. Nous nous ferons un plaisir de vous r\u00e9pondre.","robots":{"index":"index","follow":"follow","max-snippet":"max-snippet:-1","max-image-preview":"max-image-preview:large","max-video-preview":"max-video-preview:-1"},"canonical":"https:\/\/guydrolic.com\/fr\/soumission-en-ligne\/","og_locale":"fr_FR","og_type":"article","og_title":"Faites-nous part de vos besoins en machinerie lourde | Guydrolic","og_description":"Parlez-nous de vos besoins en m\u00e9canique et entretien de machinerie lourde. Nous nous ferons un plaisir de vous r\u00e9pondre.","og_url":"https:\/\/guydrolic.com\/fr\/soumission-en-ligne\/","og_site_name":"Guydrolic Inc.","article_modified_time":"2024-10-18T13:58:12+00:00","twitter_card":"summary_large_image","twitter_misc":{"Dur\u00e9e de lecture estim\u00e9e":"2 minutes"},"schema":{"@context":"https:\/\/schema.org","@graph":[{"@type":"WebPage","@id":"https:\/\/guydrolic.com\/fr\/soumission-en-ligne\/","url":"https:\/\/guydrolic.com\/fr\/soumission-en-ligne\/","name":"Faites-nous part de vos besoins en machinerie lourde | Guydrolic","isPartOf":{"@id":"https:\/\/guydrolic.com\/fr\/#website"},"datePublished":"2024-06-12T14:00:19+00:00","dateModified":"2024-10-18T13:58:12+00:00","description":"Parlez-nous de vos besoins en m\u00e9canique et entretien de machinerie lourde. Nous nous ferons un plaisir de vous r\u00e9pondre.","breadcrumb":{"@id":"https:\/\/guydrolic.com\/fr\/soumission-en-ligne\/#breadcrumb"},"inLanguage":"fr-FR","potentialAction":[{"@type":"ReadAction","target":["https:\/\/guydrolic.com\/fr\/soumission-en-ligne\/"]}]},{"@type":"BreadcrumbList","@id":"https:\/\/guydrolic.com\/fr\/soumission-en-ligne\/#breadcrumb","itemListElement":[{"@type":"ListItem","position":1,"name":"Accueil","item":"https:\/\/guydrolic.com\/fr\/"},{"@type":"ListItem","position":2,"name":"Soumission en ligne"}]},{"@type":"WebSite","@id":"https:\/\/guydrolic.com\/fr\/#website","url":"https:\/\/guydrolic.com\/fr\/","name":"Guydrolic Inc.","description":"Concessionnaire Kobelco Canada","publisher":{"@id":"https:\/\/guydrolic.com\/fr\/#organization"},"potentialAction":[{"@type":"SearchAction","target":{"@type":"EntryPoint","urlTemplate":"https:\/\/guydrolic.com\/fr\/?s={search_term_string}"},"query-input":{"@type":"PropertyValueSpecification","valueRequired":true,"valueName":"search_term_string"}}],"inLanguage":"fr-FR"},{"@type":"Organization","@id":"https:\/\/guydrolic.com\/fr\/#organization","name":"Guydrolic","url":"https:\/\/guydrolic.com\/fr\/","logo":{"@type":"ImageObject","inLanguage":"fr-FR","@id":"https:\/\/guydrolic.com\/fr\/#\/schema\/logo\/image\/","url":"https:\/\/guydrolic.com\/wp-content\/uploads\/2024\/09\/logo-guydrolic-2.svg","contentUrl":"https:\/\/guydrolic.com\/wp-content\/uploads\/2024\/09\/logo-guydrolic-2.svg","width":409,"height":138,"caption":"Guydrolic"},"image":{"@id":"https:\/\/guydrolic.com\/fr\/#\/schema\/logo\/image\/"}}]}},"_links":{"self":[{"href":"https:\/\/guydrolic.com\/fr\/wp-json\/wp\/v2\/pages\/68","targetHints":{"allow":["GET"]}}],"collection":[{"href":"https:\/\/guydrolic.com\/fr\/wp-json\/wp\/v2\/pages"}],"about":[{"href":"https:\/\/guydrolic.com\/fr\/wp-json\/wp\/v2\/types\/page"}],"author":[{"embeddable":true,"href":"https:\/\/guydrolic.com\/fr\/wp-json\/wp\/v2\/users\/5"}],"replies":[{"embeddable":true,"href":"https:\/\/guydrolic.com\/fr\/wp-json\/wp\/v2\/comments?post=68"}],"version-history":[{"count":18,"href":"https:\/\/guydrolic.com\/fr\/wp-json\/wp\/v2\/pages\/68\/revisions"}],"predecessor-version":[{"id":258714,"href":"https:\/\/guydrolic.com\/fr\/wp-json\/wp\/v2\/pages\/68\/revisions\/258714"}],"wp:attachment":[{"href":"https:\/\/guydrolic.com\/fr\/wp-json\/wp\/v2\/media?parent=68"}],"curies":[{"name":"wp","href":"https:\/\/api.w.org\/{rel}","templated":true}]}}