{"id":56,"date":"2024-06-11T11:58:31","date_gmt":"2024-06-11T15:58:31","guid":{"rendered":"https:\/\/guydrolic.com\/?page_id=56"},"modified":"2024-08-12T09:28:39","modified_gmt":"2024-08-12T13:28:39","slug":"carriere","status":"publish","type":"page","link":"https:\/\/guydrolic.com\/fr\/carriere\/","title":{"rendered":"Carri\u00e8re"},"content":{"rendered":"<p>[et_pb_section fb_built=\u00a0\u00bb1&Prime; module_class=\u00a0\u00bbtexte-blanc\u00a0\u00bb _builder_version=\u00a0\u00bb4.27.0&Prime; _module_preset=\u00a0\u00bbdefault\u00a0\u00bb background_color=\u00a0\u00bb#d9d9d9&Prime; background_image=\u00a0\u00bbhttps:\/\/guydrolic.com\/wp-content\/uploads\/2024\/08\/bandeau-carriere-Guydrolic.jpg\u00a0\u00bb global_colors_info=\u00a0\u00bb{}\u00a0\u00bb][et_pb_row _builder_version=\u00a0\u00bb4.26.0&Prime; _module_preset=\u00a0\u00bbdefault\u00a0\u00bb global_colors_info=\u00a0\u00bb{}\u00a0\u00bb][et_pb_column type=\u00a0\u00bb4_4&Prime; _builder_version=\u00a0\u00bb4.26.0&Prime; _module_preset=\u00a0\u00bbdefault\u00a0\u00bb global_colors_info=\u00a0\u00bb{}\u00a0\u00bb][et_pb_text _builder_version=\u00a0\u00bb4.26.0&Prime; _module_preset=\u00a0\u00bbdefault\u00a0\u00bb global_colors_info=\u00a0\u00bb{}\u00a0\u00bb]<\/p>\n<h4>Guydrolic<\/h4>\n<h1>Carri\u00e8re<\/h1>\n<p>[\/et_pb_text][\/et_pb_column][\/et_pb_row][\/et_pb_section][et_pb_section fb_built=\u00a0\u00bb1&Prime; _builder_version=\u00a0\u00bb4.26.0&Prime; _module_preset=\u00a0\u00bbdefault\u00a0\u00bb background_image=\u00a0\u00bbhttps:\/\/guydrolic.com\/wp-content\/uploads\/2024\/06\/forme-guydrolic-1.svg\u00a0\u00bb global_colors_info=\u00a0\u00bb{}\u00a0\u00bb][et_pb_row _builder_version=\u00a0\u00bb4.26.0&Prime; _module_preset=\u00a0\u00bbdefault\u00a0\u00bb global_colors_info=\u00a0\u00bb{}\u00a0\u00bb][et_pb_column type=\u00a0\u00bb4_4&Prime; _builder_version=\u00a0\u00bb4.26.0&Prime; _module_preset=\u00a0\u00bbdefault\u00a0\u00bb global_colors_info=\u00a0\u00bb{}\u00a0\u00bb][et_pb_text _builder_version=\u00a0\u00bb4.27.0&Prime; _module_preset=\u00a0\u00bbdefault\u00a0\u00bb global_colors_info=\u00a0\u00bb{}\u00a0\u00bb]<\/p>\n<h3 style=\"text-align: center;\">Relevez des d\u00e9fis stimulants et ambitieux chez Guydrolic<\/h3>\n<h2 style=\"text-align: center;\">Une \u00e9quipe soud\u00e9e et unie<\/h2>\n<p style=\"text-align: center;\">Chez Guydrolic, l\u2019esprit d\u2019\u00e9quipe, le plaisir et la confiance cr\u00e9ent une exp\u00e9rience de travail unique. Les d\u00e9fis stimulants permettent de d\u00e9velopper vos comp\u00e9tences. Le respect et l\u2019entraide sont au c\u0153ur de notre culture, avec une communication ouverte et une reconnaissance sinc\u00e8re des efforts. Une entreprise dynamique et gratifiante, qui valorise son \u00e9quipe. Nous offrons plusieurs avantages sociaux tels que fonds de pension, formation des talents, prix exceptionnel sur les outils.<\/p>\n<p>[\/et_pb_text][\/et_pb_column][\/et_pb_row][et_pb_row _builder_version=\u00a0\u00bb4.26.1&Prime; _module_preset=\u00a0\u00bbdefault\u00a0\u00bb global_colors_info=\u00a0\u00bb{}\u00a0\u00bb][et_pb_column type=\u00a0\u00bb4_4&Prime; _builder_version=\u00a0\u00bb4.26.1&Prime; _module_preset=\u00a0\u00bbdefault\u00a0\u00bb global_colors_info=\u00a0\u00bb{}\u00a0\u00bb][et_pb_image src=\u00a0\u00bbhttps:\/\/guydrolic.com\/wp-content\/uploads\/2024\/07\/equipe-soudee-guydrolic.jpg\u00a0\u00bb alt=\u00a0\u00bbequipe-soudee-guydrolic\u00a0\u00bb title_text=\u00a0\u00bbequipe-soudee-guydrolic\u00a0\u00bb align=\u00a0\u00bbcenter\u00a0\u00bb _builder_version=\u00a0\u00bb4.26.1&Prime; _module_preset=\u00a0\u00bbdefault\u00a0\u00bb global_colors_info=\u00a0\u00bb{}\u00a0\u00bb][\/et_pb_image][\/et_pb_column][\/et_pb_row][et_pb_row column_structure=\u00a0\u00bb1_2,1_2&Prime; module_class=\u00a0\u00bbcarriere-blocs-resume\u00a0\u00bb _builder_version=\u00a0\u00bb4.26.1&Prime; _module_preset=\u00a0\u00bbdefault\u00a0\u00bb global_colors_info=\u00a0\u00bb{}\u00a0\u00bb][et_pb_column type=\u00a0\u00bb1_2&Prime; _builder_version=\u00a0\u00bb4.26.1&Prime; _module_preset=\u00a0\u00bbdefault\u00a0\u00bb global_colors_info=\u00a0\u00bb{}\u00a0\u00bb][et_pb_blurb title=\u00a0\u00bbEsprit d&rsquo;\u00e9quipe\u00a0\u00bb image=\u00a0\u00bbhttps:\/\/guydrolic.com\/wp-content\/uploads\/2024\/07\/icone-esprit-equipe-guydrolic.svg\u00a0\u00bb alt=\u00a0\u00bbicone-esprit-equipe-guydrolic\u00a0\u00bb icon_placement=\u00a0\u00bbleft\u00a0\u00bb _builder_version=\u00a0\u00bb4.27.0&Prime; _module_preset=\u00a0\u00bbdefault\u00a0\u00bb header_level=\u00a0\u00bbh3&Prime; custom_margin=\u00a0\u00bb||||false|false\u00a0\u00bb custom_padding=\u00a0\u00bb||||false|false\u00a0\u00bb hover_enabled=\u00a0\u00bb0&Prime; global_colors_info=\u00a0\u00bb{}\u00a0\u00bb sticky_enabled=\u00a0\u00bb0&Prime;]<\/p>\n<p>Travailler en harmonie et dans le plaisir fait partie de notre quotidien.<\/p>\n<p>[\/et_pb_blurb][et_pb_blurb title=\u00a0\u00bbD\u00e9fi et performance\u00a0\u00bb image=\u00a0\u00bbhttps:\/\/guydrolic.com\/wp-content\/uploads\/2024\/07\/icone-defi-performance-guydrolic.svg\u00a0\u00bb alt=\u00a0\u00bbicone-defi-performance-guydrolic\u00a0\u00bb icon_placement=\u00a0\u00bbleft\u00a0\u00bb _builder_version=\u00a0\u00bb4.27.0&Prime; _module_preset=\u00a0\u00bbdefault\u00a0\u00bb header_level=\u00a0\u00bbh3&Prime; hover_enabled=\u00a0\u00bb0&Prime; global_colors_info=\u00a0\u00bb{}\u00a0\u00bb sticky_enabled=\u00a0\u00bb0&Prime;]<\/p>\n<p>Notre \u00e9quipe rel\u00e8ve chaque d\u00e9fi avec d\u00e9termination pour atteindre les objectifs.<\/p>\n<p>[\/et_pb_blurb][et_pb_blurb title=\u00a0\u00bbRespect\u00a0\u00bb image=\u00a0\u00bbhttps:\/\/guydrolic.com\/wp-content\/uploads\/2024\/07\/icone-respect-guydrolic.svg\u00a0\u00bb alt=\u00a0\u00bbicone-respect-guydrolic\u00a0\u00bb icon_placement=\u00a0\u00bbleft\u00a0\u00bb _builder_version=\u00a0\u00bb4.27.0&Prime; _module_preset=\u00a0\u00bbdefault\u00a0\u00bb header_level=\u00a0\u00bbh3&Prime; hover_enabled=\u00a0\u00bb0&Prime; global_colors_info=\u00a0\u00bb{}\u00a0\u00bb sticky_enabled=\u00a0\u00bb0&Prime;]<\/p>\n<p>Faire preuve de respect et d\u2019\u00e9coute est pr\u00e9sent \u00e0 chaque jour dans l\u2019\u00e9quipe de Guydrolic.<\/p>\n<p>[\/et_pb_blurb][\/et_pb_column][et_pb_column type=\u00a0\u00bb1_2&Prime; _builder_version=\u00a0\u00bb4.26.1&Prime; _module_preset=\u00a0\u00bbdefault\u00a0\u00bb global_colors_info=\u00a0\u00bb{}\u00a0\u00bb][et_pb_blurb title=\u00a0\u00bbEntraide\u00a0\u00bb image=\u00a0\u00bbhttps:\/\/guydrolic.com\/wp-content\/uploads\/2024\/07\/icone-entraide-guydrolic.svg\u00a0\u00bb alt=\u00a0\u00bbicone-entraide-guydrolic\u00a0\u00bb icon_placement=\u00a0\u00bbleft\u00a0\u00bb _builder_version=\u00a0\u00bb4.27.0&Prime; _module_preset=\u00a0\u00bbdefault\u00a0\u00bb header_level=\u00a0\u00bbh3&Prime; hover_enabled=\u00a0\u00bb0&Prime; global_colors_info=\u00a0\u00bb{}\u00a0\u00bb sticky_enabled=\u00a0\u00bb0&Prime;]<\/p>\n<p>Communiquer et montrer de la reconnaissance envers ses coll\u00e8gues est important \u00e0 tous les niveaux.<\/p>\n<p>[\/et_pb_blurb][et_pb_blurb title=\u00a0\u00bbExp\u00e9rience client sup\u00e9rieure\u00a0\u00bb image=\u00a0\u00bbhttps:\/\/guydrolic.com\/wp-content\/uploads\/2024\/07\/icone-experience-client-guydrolic.svg\u00a0\u00bb alt=\u00a0\u00bbicone-experience-client-guydrolic\u00a0\u00bb icon_placement=\u00a0\u00bbleft\u00a0\u00bb _builder_version=\u00a0\u00bb4.27.0&Prime; _module_preset=\u00a0\u00bbdefault\u00a0\u00bb header_level=\u00a0\u00bbh3&Prime; hover_enabled=\u00a0\u00bb0&Prime; global_colors_info=\u00a0\u00bb{}\u00a0\u00bb sticky_enabled=\u00a0\u00bb0&Prime;]<\/p>\n<p>Offrir un service client de qualit\u00e9 est l\u2019une de nos priorit\u00e9s.<\/p>\n<p>[\/et_pb_blurb][et_pb_blurb title=\u00a0\u00bbCr\u00e9ation\u00a0\u00bb image=\u00a0\u00bbhttps:\/\/guydrolic.com\/wp-content\/uploads\/2024\/07\/icone-creation-guydrolic.svg\u00a0\u00bb alt=\u00a0\u00bbicone-creation-guydrolic\u00a0\u00bb icon_placement=\u00a0\u00bbleft\u00a0\u00bb _builder_version=\u00a0\u00bb4.27.0&Prime; _module_preset=\u00a0\u00bbdefault\u00a0\u00bb header_level=\u00a0\u00bbh3&Prime; hover_enabled=\u00a0\u00bb0&Prime; global_colors_info=\u00a0\u00bb{}\u00a0\u00bb sticky_enabled=\u00a0\u00bb0&Prime;]<\/p>\n<p>Avoir du plaisir \u00e0 cr\u00e9er et inventer quelque chose est pr\u00e9sent dans l\u2019atelier \u00e0 chaque jour.<\/p>\n<p>[\/et_pb_blurb][\/et_pb_column][\/et_pb_row][et_pb_row _builder_version=\u00a0\u00bb4.26.0&Prime; _module_preset=\u00a0\u00bbdefault\u00a0\u00bb global_colors_info=\u00a0\u00bb{}\u00a0\u00bb][et_pb_column type=\u00a0\u00bb4_4&Prime; _builder_version=\u00a0\u00bb4.26.0&Prime; _module_preset=\u00a0\u00bbdefault\u00a0\u00bb global_colors_info=\u00a0\u00bb{}\u00a0\u00bb][et_pb_button button_url=\u00a0\u00bbmailto:info@guydrolic.com\u00a0\u00bb button_text=\u00a0\u00bbParle-nous de ton expertise\u00a0\u00bb button_alignment=\u00a0\u00bbcenter\u00a0\u00bb module_class=\u00a0\u00bbbtn-outline\u00a0\u00bb _builder_version=\u00a0\u00bb4.27.0&Prime; _module_preset=\u00a0\u00bbdefault\u00a0\u00bb global_colors_info=\u00a0\u00bb{}\u00a0\u00bb][\/et_pb_button][et_pb_text _builder_version=\u00a0\u00bb4.27.0&Prime; _module_preset=\u00a0\u00bbdefault\u00a0\u00bb global_colors_info=\u00a0\u00bb{}\u00a0\u00bb]<\/p>\n<h6 style=\"text-align: center;\">Envoie-nous un courriel et parle-nous de ton exp\u00e9rience.<\/h6>\n<p>[\/et_pb_text][\/et_pb_column][\/et_pb_row][\/et_pb_section][et_pb_section fb_built=\u00a0\u00bb1&Prime; _builder_version=\u00a0\u00bb4.27.0&Prime; _module_preset=\u00a0\u00bbdefault\u00a0\u00bb background_color=\u00a0\u00bb#1d2d21&Prime; global_colors_info=\u00a0\u00bb{}\u00a0\u00bb][et_pb_row column_structure=\u00a0\u00bb1_2,1_2&Prime; _builder_version=\u00a0\u00bb4.26.0&Prime; _module_preset=\u00a0\u00bbdefault\u00a0\u00bb global_colors_info=\u00a0\u00bb{}\u00a0\u00bb][et_pb_column type=\u00a0\u00bb1_2&Prime; _builder_version=\u00a0\u00bb4.26.0&Prime; _module_preset=\u00a0\u00bbdefault\u00a0\u00bb global_colors_info=\u00a0\u00bb{}\u00a0\u00bb][et_pb_text module_class=\u00a0\u00bbtexte-blanc\u00a0\u00bb _builder_version=\u00a0\u00bb4.27.0&Prime; _module_preset=\u00a0\u00bbdefault\u00a0\u00bb global_colors_info=\u00a0\u00bb{}\u00a0\u00bb]<\/p>\n<h3>Plaisir au travail<\/h3>\n<h2>La communication, c\u2019est la cl\u00e9!<\/h2>\n<p>[\/et_pb_text][et_pb_blurb image=\u00a0\u00bbhttps:\/\/guydrolic.com\/wp-content\/uploads\/2024\/06\/icone-citation-guydrolic.svg\u00a0\u00bb alt=\u00a0\u00bbicone-citation-guydrolic\u00a0\u00bb module_class=\u00a0\u00bbcitation\u00a0\u00bb _builder_version=\u00a0\u00bb4.27.0&Prime; _module_preset=\u00a0\u00bbdefault\u00a0\u00bb hover_enabled=\u00a0\u00bb0&Prime; locked=\u00a0\u00bboff\u00a0\u00bb global_colors_info=\u00a0\u00bb{}\u00a0\u00bb sticky_enabled=\u00a0\u00bb0&Prime;]<\/p>\n<h3>\u00ab\u00catre souriant, avoir du plaisir \u00e0 travailler c\u2019est important. En principe on est toujours de bonne humeur. Quand quelqu\u2019un est n\u00e9gatif souvent il a une bonne raison, faut expliquer la raison apr\u00e8s \u00e7a on passe \u00e0 autre chose. \u00bb<\/h3>\n<p style=\"text-align: right;\">Vital,<\/p>\n<h6 style=\"text-align: right;\">Commis aux pi\u00e8ces<\/h6>\n<p>[\/et_pb_blurb][\/et_pb_column][et_pb_column type=\u00a0\u00bb1_2&Prime; _builder_version=\u00a0\u00bb4.26.0&Prime; _module_preset=\u00a0\u00bbdefault\u00a0\u00bb global_colors_info=\u00a0\u00bb{}\u00a0\u00bb][et_pb_image src=\u00a0\u00bbhttps:\/\/guydrolic.com\/wp-content\/uploads\/2024\/07\/communication-guydrolic.jpg\u00a0\u00bb alt=\u00a0\u00bbcommunication-guydrolic\u00a0\u00bb title_text=\u00a0\u00bbcommunication-guydrolic\u00a0\u00bb _builder_version=\u00a0\u00bb4.26.1&Prime; _module_preset=\u00a0\u00bbdefault\u00a0\u00bb global_colors_info=\u00a0\u00bb{}\u00a0\u00bb][\/et_pb_image][\/et_pb_column][\/et_pb_row][\/et_pb_section][et_pb_section fb_built=\u00a0\u00bb1&Prime; _builder_version=\u00a0\u00bb4.27.0&Prime; _module_preset=\u00a0\u00bbdefault\u00a0\u00bb background_color=\u00a0\u00bb#e7f1f5&Prime; background_image=\u00a0\u00bbhttps:\/\/guydrolic.com\/wp-content\/uploads\/2024\/08\/clients-quebec-Guydrolic.jpg\u00a0\u00bb global_colors_info=\u00a0\u00bb{}\u00a0\u00bb][et_pb_row _builder_version=\u00a0\u00bb4.26.0&Prime; _module_preset=\u00a0\u00bbdefault\u00a0\u00bb global_colors_info=\u00a0\u00bb{}\u00a0\u00bb][et_pb_column type=\u00a0\u00bb4_4&Prime; _builder_version=\u00a0\u00bb4.26.0&Prime; _module_preset=\u00a0\u00bbdefault\u00a0\u00bb global_colors_info=\u00a0\u00bb{}\u00a0\u00bb][et_pb_text _builder_version=\u00a0\u00bb4.27.0&Prime; _module_preset=\u00a0\u00bbdefault\u00a0\u00bb global_colors_info=\u00a0\u00bb{}\u00a0\u00bb]<\/p>\n<h3 style=\"text-align: center;\">Clients partout dans le Qu\u00e9bec<\/h3>\n<h2 style=\"text-align: center;\">Saisissez la chance de travailler pour une entreprise d\u2019ici<\/h2>\n<p style=\"text-align: center;\">Rejoignez Guydrolic, une entreprise du Lac-Saint-Jean avec une port\u00e9e provincial, offrant des opportunit\u00e9s uniques pour d\u00e9velopper vos comp\u00e9tences et votre carri\u00e8re. Faites partie d&rsquo;une \u00e9quipe locale avec une vision globale!<\/p>\n<p>[\/et_pb_text][et_pb_button button_url=\u00a0\u00bbhttps:\/\/guydrolic.com\/fr\/equipe\/\u00a0\u00bb button_text=\u00a0\u00bbJoindre notre \u00e9quipe\u00a0\u00bb button_alignment=\u00a0\u00bbcenter\u00a0\u00bb _builder_version=\u00a0\u00bb4.26.0&Prime; _module_preset=\u00a0\u00bbdefault\u00a0\u00bb global_colors_info=\u00a0\u00bb{}\u00a0\u00bb][\/et_pb_button][\/et_pb_column][\/et_pb_row][\/et_pb_section][et_pb_section fb_built=\u00a0\u00bb1&Prime; _builder_version=\u00a0\u00bb4.26.0&Prime; _module_preset=\u00a0\u00bbdefault\u00a0\u00bb global_colors_info=\u00a0\u00bb{}\u00a0\u00bb][et_pb_row _builder_version=\u00a0\u00bb4.26.0&Prime; _module_preset=\u00a0\u00bbdefault\u00a0\u00bb global_colors_info=\u00a0\u00bb{}\u00a0\u00bb][et_pb_column type=\u00a0\u00bb4_4&Prime; _builder_version=\u00a0\u00bb4.26.0&Prime; _module_preset=\u00a0\u00bbdefault\u00a0\u00bb global_colors_info=\u00a0\u00bb{}\u00a0\u00bb][et_pb_text _builder_version=\u00a0\u00bb4.27.0&Prime; _module_preset=\u00a0\u00bbdefault\u00a0\u00bb global_colors_info=\u00a0\u00bb{}\u00a0\u00bb]<\/p>\n<h3 style=\"text-align: center;\">Postes diversifi\u00e9s<\/h3>\n<h2 style=\"text-align: center;\">Plusieurs opportunit\u00e9s de carri\u00e8re<\/h2>\n<p style=\"text-align: center;\">Guydrolic recrute en permanence ! Avec plusieurs d\u00e9partements et des contrats partout dans le monde, nous cherchons r\u00e9guli\u00e8rement des talents dans les domaines suivants : ventes, pi\u00e8ces, m\u00e9canique, soudure, machinisme et administration. Rejoignez notre \u00e9quipe dynamique et contribuez \u00e0 des projets internationaux passionnants !<\/p>\n<p>[\/et_pb_text][\/et_pb_column][\/et_pb_row][et_pb_row column_structure=\u00a0\u00bb1_2,1_2&Prime; module_class=\u00a0\u00bbliste-crochet\u00a0\u00bb _builder_version=\u00a0\u00bb4.26.0&Prime; _module_preset=\u00a0\u00bbdefault\u00a0\u00bb global_colors_info=\u00a0\u00bb{}\u00a0\u00bb][et_pb_column type=\u00a0\u00bb1_2&Prime; _builder_version=\u00a0\u00bb4.26.0&Prime; _module_preset=\u00a0\u00bbdefault\u00a0\u00bb global_colors_info=\u00a0\u00bb{}\u00a0\u00bb][et_pb_text _builder_version=\u00a0\u00bb4.26.0&Prime; _module_preset=\u00a0\u00bbdefault\u00a0\u00bb global_colors_info=\u00a0\u00bb{}\u00a0\u00bb]<\/p>\n<ul>\n<li>Commis aux pi\u00e8ces<\/li>\n<li>M\u00e9caniciens<\/li>\n<li>Soudeurs<\/li>\n<\/ul>\n<p>[\/et_pb_text][\/et_pb_column][et_pb_column type=\u00a0\u00bb1_2&Prime; _builder_version=\u00a0\u00bb4.26.0&Prime; _module_preset=\u00a0\u00bbdefault\u00a0\u00bb global_colors_info=\u00a0\u00bb{}\u00a0\u00bb][et_pb_text _builder_version=\u00a0\u00bb4.27.0&Prime; _module_preset=\u00a0\u00bbdefault\u00a0\u00bb global_colors_info=\u00a0\u00bb{}\u00a0\u00bb]<\/p>\n<ul>\n<li>Machinistes<\/li>\n<li>Technicien routier<\/li>\n<li>Conseiller aux ventes<\/li>\n<\/ul>\n<p>[\/et_pb_text][\/et_pb_column][\/et_pb_row][\/et_pb_section]<\/p>\n","protected":false},"excerpt":{"rendered":"<p>Guydrolic Carri\u00e8reRelevez des d\u00e9fis stimulants et ambitieux chez Guydrolic Une \u00e9quipe soud\u00e9e et unie Chez Guydrolic, l\u2019esprit d\u2019\u00e9quipe, le plaisir et la confiance cr\u00e9ent une exp\u00e9rience de travail unique. Les d\u00e9fis stimulants permettent de d\u00e9velopper vos comp\u00e9tences. Le respect et l\u2019entraide sont au c\u0153ur de notre culture, avec une communication ouverte et une reconnaissance sinc\u00e8re [&hellip;]<\/p>\n","protected":false},"author":5,"featured_media":0,"parent":0,"menu_order":0,"comment_status":"closed","ping_status":"closed","template":"","meta":{"_et_pb_use_builder":"on","_et_pb_old_content":"<!-- wp:divi\/placeholder \/-->","_et_gb_content_width":"","footnotes":""},"class_list":["post-56","page","type-page","status-publish","hentry"],"yoast_head":"<!-- This site is optimized with the Yoast SEO plugin v27.6 - https:\/\/yoast.com\/product\/yoast-seo-wordpress\/ -->\n<title>Un emploi dans le domaine de la machinerie lourde | Guydrolic<\/title>\n<meta name=\"description\" content=\"Rejoignez Guydrolic, une entreprise locale avec une port\u00e9e internationale. Faites partie d\u2019une \u00e9quipe locale avec une vision globale!\" \/>\n<meta name=\"robots\" content=\"index, follow, max-snippet:-1, max-image-preview:large, max-video-preview:-1\" \/>\n<link rel=\"canonical\" href=\"https:\/\/guydrolic.com\/fr\/carriere\/\" \/>\n<meta property=\"og:locale\" content=\"fr_FR\" \/>\n<meta property=\"og:type\" content=\"article\" \/>\n<meta property=\"og:title\" content=\"Un emploi dans le domaine de la machinerie lourde | Guydrolic\" \/>\n<meta property=\"og:description\" content=\"Rejoignez Guydrolic, une entreprise locale avec une port\u00e9e internationale. Faites partie d\u2019une \u00e9quipe locale avec une vision globale!\" \/>\n<meta property=\"og:url\" content=\"https:\/\/guydrolic.com\/fr\/carriere\/\" \/>\n<meta property=\"og:site_name\" content=\"Guydrolic Inc.\" \/>\n<meta property=\"article:modified_time\" content=\"2024-08-12T13:28:39+00:00\" \/>\n<meta name=\"twitter:card\" content=\"summary_large_image\" \/>\n<meta name=\"twitter:label1\" content=\"Dur\u00e9e de lecture estim\u00e9e\" \/>\n\t<meta name=\"twitter:data1\" content=\"4 minutes\" \/>\n<script type=\"application\/ld+json\" class=\"yoast-schema-graph\">{\"@context\":\"https:\\\/\\\/schema.org\",\"@graph\":[{\"@type\":\"WebPage\",\"@id\":\"https:\\\/\\\/guydrolic.com\\\/fr\\\/carriere\\\/\",\"url\":\"https:\\\/\\\/guydrolic.com\\\/fr\\\/carriere\\\/\",\"name\":\"Un emploi dans le domaine de la machinerie lourde | Guydrolic\",\"isPartOf\":{\"@id\":\"https:\\\/\\\/guydrolic.com\\\/fr\\\/#website\"},\"datePublished\":\"2024-06-11T15:58:31+00:00\",\"dateModified\":\"2024-08-12T13:28:39+00:00\",\"description\":\"Rejoignez Guydrolic, une entreprise locale avec une port\u00e9e internationale. Faites partie d\u2019une \u00e9quipe locale avec une vision globale!\",\"breadcrumb\":{\"@id\":\"https:\\\/\\\/guydrolic.com\\\/fr\\\/carriere\\\/#breadcrumb\"},\"inLanguage\":\"fr-FR\",\"potentialAction\":[{\"@type\":\"ReadAction\",\"target\":[\"https:\\\/\\\/guydrolic.com\\\/fr\\\/carriere\\\/\"]}]},{\"@type\":\"BreadcrumbList\",\"@id\":\"https:\\\/\\\/guydrolic.com\\\/fr\\\/carriere\\\/#breadcrumb\",\"itemListElement\":[{\"@type\":\"ListItem\",\"position\":1,\"name\":\"Accueil\",\"item\":\"https:\\\/\\\/guydrolic.com\\\/fr\\\/\"},{\"@type\":\"ListItem\",\"position\":2,\"name\":\"Carri\u00e8re\"}]},{\"@type\":\"WebSite\",\"@id\":\"https:\\\/\\\/guydrolic.com\\\/fr\\\/#website\",\"url\":\"https:\\\/\\\/guydrolic.com\\\/fr\\\/\",\"name\":\"Guydrolic Inc.\",\"description\":\"Concessionnaire Kobelco Canada\",\"publisher\":{\"@id\":\"https:\\\/\\\/guydrolic.com\\\/fr\\\/#organization\"},\"potentialAction\":[{\"@type\":\"SearchAction\",\"target\":{\"@type\":\"EntryPoint\",\"urlTemplate\":\"https:\\\/\\\/guydrolic.com\\\/fr\\\/?s={search_term_string}\"},\"query-input\":{\"@type\":\"PropertyValueSpecification\",\"valueRequired\":true,\"valueName\":\"search_term_string\"}}],\"inLanguage\":\"fr-FR\"},{\"@type\":\"Organization\",\"@id\":\"https:\\\/\\\/guydrolic.com\\\/fr\\\/#organization\",\"name\":\"Guydrolic\",\"url\":\"https:\\\/\\\/guydrolic.com\\\/fr\\\/\",\"logo\":{\"@type\":\"ImageObject\",\"inLanguage\":\"fr-FR\",\"@id\":\"https:\\\/\\\/guydrolic.com\\\/fr\\\/#\\\/schema\\\/logo\\\/image\\\/\",\"url\":\"https:\\\/\\\/guydrolic.com\\\/wp-content\\\/uploads\\\/2024\\\/09\\\/logo-guydrolic-2.svg\",\"contentUrl\":\"https:\\\/\\\/guydrolic.com\\\/wp-content\\\/uploads\\\/2024\\\/09\\\/logo-guydrolic-2.svg\",\"width\":409,\"height\":138,\"caption\":\"Guydrolic\"},\"image\":{\"@id\":\"https:\\\/\\\/guydrolic.com\\\/fr\\\/#\\\/schema\\\/logo\\\/image\\\/\"}}]}<\/script>\n<!-- \/ Yoast SEO plugin. -->","yoast_head_json":{"title":"Un emploi dans le domaine de la machinerie lourde | Guydrolic","description":"Rejoignez Guydrolic, une entreprise locale avec une port\u00e9e internationale. Faites partie d\u2019une \u00e9quipe locale avec une vision globale!","robots":{"index":"index","follow":"follow","max-snippet":"max-snippet:-1","max-image-preview":"max-image-preview:large","max-video-preview":"max-video-preview:-1"},"canonical":"https:\/\/guydrolic.com\/fr\/carriere\/","og_locale":"fr_FR","og_type":"article","og_title":"Un emploi dans le domaine de la machinerie lourde | Guydrolic","og_description":"Rejoignez Guydrolic, une entreprise locale avec une port\u00e9e internationale. Faites partie d\u2019une \u00e9quipe locale avec une vision globale!","og_url":"https:\/\/guydrolic.com\/fr\/carriere\/","og_site_name":"Guydrolic Inc.","article_modified_time":"2024-08-12T13:28:39+00:00","twitter_card":"summary_large_image","twitter_misc":{"Dur\u00e9e de lecture estim\u00e9e":"4 minutes"},"schema":{"@context":"https:\/\/schema.org","@graph":[{"@type":"WebPage","@id":"https:\/\/guydrolic.com\/fr\/carriere\/","url":"https:\/\/guydrolic.com\/fr\/carriere\/","name":"Un emploi dans le domaine de la machinerie lourde | Guydrolic","isPartOf":{"@id":"https:\/\/guydrolic.com\/fr\/#website"},"datePublished":"2024-06-11T15:58:31+00:00","dateModified":"2024-08-12T13:28:39+00:00","description":"Rejoignez Guydrolic, une entreprise locale avec une port\u00e9e internationale. Faites partie d\u2019une \u00e9quipe locale avec une vision globale!","breadcrumb":{"@id":"https:\/\/guydrolic.com\/fr\/carriere\/#breadcrumb"},"inLanguage":"fr-FR","potentialAction":[{"@type":"ReadAction","target":["https:\/\/guydrolic.com\/fr\/carriere\/"]}]},{"@type":"BreadcrumbList","@id":"https:\/\/guydrolic.com\/fr\/carriere\/#breadcrumb","itemListElement":[{"@type":"ListItem","position":1,"name":"Accueil","item":"https:\/\/guydrolic.com\/fr\/"},{"@type":"ListItem","position":2,"name":"Carri\u00e8re"}]},{"@type":"WebSite","@id":"https:\/\/guydrolic.com\/fr\/#website","url":"https:\/\/guydrolic.com\/fr\/","name":"Guydrolic Inc.","description":"Concessionnaire Kobelco Canada","publisher":{"@id":"https:\/\/guydrolic.com\/fr\/#organization"},"potentialAction":[{"@type":"SearchAction","target":{"@type":"EntryPoint","urlTemplate":"https:\/\/guydrolic.com\/fr\/?s={search_term_string}"},"query-input":{"@type":"PropertyValueSpecification","valueRequired":true,"valueName":"search_term_string"}}],"inLanguage":"fr-FR"},{"@type":"Organization","@id":"https:\/\/guydrolic.com\/fr\/#organization","name":"Guydrolic","url":"https:\/\/guydrolic.com\/fr\/","logo":{"@type":"ImageObject","inLanguage":"fr-FR","@id":"https:\/\/guydrolic.com\/fr\/#\/schema\/logo\/image\/","url":"https:\/\/guydrolic.com\/wp-content\/uploads\/2024\/09\/logo-guydrolic-2.svg","contentUrl":"https:\/\/guydrolic.com\/wp-content\/uploads\/2024\/09\/logo-guydrolic-2.svg","width":409,"height":138,"caption":"Guydrolic"},"image":{"@id":"https:\/\/guydrolic.com\/fr\/#\/schema\/logo\/image\/"}}]}},"_links":{"self":[{"href":"https:\/\/guydrolic.com\/fr\/wp-json\/wp\/v2\/pages\/56","targetHints":{"allow":["GET"]}}],"collection":[{"href":"https:\/\/guydrolic.com\/fr\/wp-json\/wp\/v2\/pages"}],"about":[{"href":"https:\/\/guydrolic.com\/fr\/wp-json\/wp\/v2\/types\/page"}],"author":[{"embeddable":true,"href":"https:\/\/guydrolic.com\/fr\/wp-json\/wp\/v2\/users\/5"}],"replies":[{"embeddable":true,"href":"https:\/\/guydrolic.com\/fr\/wp-json\/wp\/v2\/comments?post=56"}],"version-history":[{"count":26,"href":"https:\/\/guydrolic.com\/fr\/wp-json\/wp\/v2\/pages\/56\/revisions"}],"predecessor-version":[{"id":258858,"href":"https:\/\/guydrolic.com\/fr\/wp-json\/wp\/v2\/pages\/56\/revisions\/258858"}],"wp:attachment":[{"href":"https:\/\/guydrolic.com\/fr\/wp-json\/wp\/v2\/media?parent=56"}],"curies":[{"name":"wp","href":"https:\/\/api.w.org\/{rel}","templated":true}]}}