{"id":504,"date":"2024-07-15T16:16:25","date_gmt":"2024-07-15T20:16:25","guid":{"rendered":"https:\/\/guydrolic.com\/boutique\/"},"modified":"2024-10-18T14:37:20","modified_gmt":"2024-10-18T18:37:20","slug":"produits","status":"publish","type":"page","link":"https:\/\/guydrolic.com\/fr\/produits\/","title":{"rendered":"Produits"},"content":{"rendered":"","protected":false},"excerpt":{"rendered":"","protected":false},"author":5,"featured_media":0,"parent":0,"menu_order":0,"comment_status":"closed","ping_status":"closed","template":"","meta":{"_et_pb_use_builder":"","_et_pb_old_content":"","_et_gb_content_width":"","footnotes":""},"class_list":["post-504","page","type-page","status-publish","hentry"],"yoast_head":"<!-- This site is optimized with the Yoast SEO plugin v27.4 - https:\/\/yoast.com\/product\/yoast-seo-wordpress\/ -->\n<title>Plus grand inventaire de pi\u00e8ces de machineries lourdes | Guydrolic<\/title>\n<meta name=\"description\" content=\"Sp\u00e9cialis\u00e9e en machinerie lourde, nous nous distinguons par notre excellent service \u00e0 la client\u00e8le et notre respect envers notre client\u00e8le.\" \/>\n<meta name=\"robots\" content=\"index, follow, max-snippet:-1, max-image-preview:large, max-video-preview:-1\" \/>\n<link rel=\"canonical\" href=\"https:\/\/guydrolic.com\/fr\/produits\/\" \/>\n<meta property=\"og:locale\" content=\"fr_FR\" \/>\n<meta property=\"og:type\" content=\"article\" \/>\n<meta property=\"og:title\" content=\"Plus grand inventaire de pi\u00e8ces de machineries lourdes | Guydrolic\" \/>\n<meta property=\"og:description\" content=\"Sp\u00e9cialis\u00e9e en machinerie lourde, nous nous distinguons par notre excellent service \u00e0 la client\u00e8le et notre respect envers notre client\u00e8le.\" \/>\n<meta property=\"og:url\" content=\"https:\/\/guydrolic.com\/fr\/produits\/\" \/>\n<meta property=\"og:site_name\" content=\"Guydrolic Inc.\" \/>\n<meta property=\"article:modified_time\" content=\"2024-10-18T18:37:20+00:00\" \/>\n<meta name=\"twitter:card\" content=\"summary_large_image\" \/>\n<script type=\"application\/ld+json\" class=\"yoast-schema-graph\">{\"@context\":\"https:\\\/\\\/schema.org\",\"@graph\":[{\"@type\":\"WebPage\",\"@id\":\"https:\\\/\\\/guydrolic.com\\\/fr\\\/produits\\\/\",\"url\":\"https:\\\/\\\/guydrolic.com\\\/fr\\\/produits\\\/\",\"name\":\"Plus grand inventaire de pi\u00e8ces de machineries lourdes | Guydrolic\",\"isPartOf\":{\"@id\":\"https:\\\/\\\/guydrolic.com\\\/fr\\\/#website\"},\"datePublished\":\"2024-07-15T20:16:25+00:00\",\"dateModified\":\"2024-10-18T18:37:20+00:00\",\"description\":\"Sp\u00e9cialis\u00e9e en machinerie lourde, nous nous distinguons par notre excellent service \u00e0 la client\u00e8le et notre respect envers notre client\u00e8le.\",\"breadcrumb\":{\"@id\":\"https:\\\/\\\/guydrolic.com\\\/fr\\\/produits\\\/#breadcrumb\"},\"inLanguage\":\"fr-FR\",\"potentialAction\":[{\"@type\":\"ReadAction\",\"target\":[\"https:\\\/\\\/guydrolic.com\\\/fr\\\/produits\\\/\"]}]},{\"@type\":\"BreadcrumbList\",\"@id\":\"https:\\\/\\\/guydrolic.com\\\/fr\\\/produits\\\/#breadcrumb\",\"itemListElement\":[{\"@type\":\"ListItem\",\"position\":1,\"name\":\"Accueil\",\"item\":\"https:\\\/\\\/guydrolic.com\\\/fr\\\/\"},{\"@type\":\"ListItem\",\"position\":2,\"name\":\"Produits\"}]},{\"@type\":\"WebSite\",\"@id\":\"https:\\\/\\\/guydrolic.com\\\/fr\\\/#website\",\"url\":\"https:\\\/\\\/guydrolic.com\\\/fr\\\/\",\"name\":\"Guydrolic Inc.\",\"description\":\"Concessionnaire Kobelco Canada\",\"publisher\":{\"@id\":\"https:\\\/\\\/guydrolic.com\\\/fr\\\/#organization\"},\"potentialAction\":[{\"@type\":\"SearchAction\",\"target\":{\"@type\":\"EntryPoint\",\"urlTemplate\":\"https:\\\/\\\/guydrolic.com\\\/fr\\\/?s={search_term_string}\"},\"query-input\":{\"@type\":\"PropertyValueSpecification\",\"valueRequired\":true,\"valueName\":\"search_term_string\"}}],\"inLanguage\":\"fr-FR\"},{\"@type\":\"Organization\",\"@id\":\"https:\\\/\\\/guydrolic.com\\\/fr\\\/#organization\",\"name\":\"Guydrolic\",\"url\":\"https:\\\/\\\/guydrolic.com\\\/fr\\\/\",\"logo\":{\"@type\":\"ImageObject\",\"inLanguage\":\"fr-FR\",\"@id\":\"https:\\\/\\\/guydrolic.com\\\/fr\\\/#\\\/schema\\\/logo\\\/image\\\/\",\"url\":\"https:\\\/\\\/guydrolic.com\\\/wp-content\\\/uploads\\\/2024\\\/09\\\/logo-guydrolic-2.svg\",\"contentUrl\":\"https:\\\/\\\/guydrolic.com\\\/wp-content\\\/uploads\\\/2024\\\/09\\\/logo-guydrolic-2.svg\",\"width\":409,\"height\":138,\"caption\":\"Guydrolic\"},\"image\":{\"@id\":\"https:\\\/\\\/guydrolic.com\\\/fr\\\/#\\\/schema\\\/logo\\\/image\\\/\"}}]}<\/script>\n<!-- \/ Yoast SEO plugin. -->","yoast_head_json":{"title":"Plus grand inventaire de pi\u00e8ces de machineries lourdes | Guydrolic","description":"Sp\u00e9cialis\u00e9e en machinerie lourde, nous nous distinguons par notre excellent service \u00e0 la client\u00e8le et notre respect envers notre client\u00e8le.","robots":{"index":"index","follow":"follow","max-snippet":"max-snippet:-1","max-image-preview":"max-image-preview:large","max-video-preview":"max-video-preview:-1"},"canonical":"https:\/\/guydrolic.com\/fr\/produits\/","og_locale":"fr_FR","og_type":"article","og_title":"Plus grand inventaire de pi\u00e8ces de machineries lourdes | Guydrolic","og_description":"Sp\u00e9cialis\u00e9e en machinerie lourde, nous nous distinguons par notre excellent service \u00e0 la client\u00e8le et notre respect envers notre client\u00e8le.","og_url":"https:\/\/guydrolic.com\/fr\/produits\/","og_site_name":"Guydrolic Inc.","article_modified_time":"2024-10-18T18:37:20+00:00","twitter_card":"summary_large_image","schema":{"@context":"https:\/\/schema.org","@graph":[{"@type":"WebPage","@id":"https:\/\/guydrolic.com\/fr\/produits\/","url":"https:\/\/guydrolic.com\/fr\/produits\/","name":"Plus grand inventaire de pi\u00e8ces de machineries lourdes | Guydrolic","isPartOf":{"@id":"https:\/\/guydrolic.com\/fr\/#website"},"datePublished":"2024-07-15T20:16:25+00:00","dateModified":"2024-10-18T18:37:20+00:00","description":"Sp\u00e9cialis\u00e9e en machinerie lourde, nous nous distinguons par notre excellent service \u00e0 la client\u00e8le et notre respect envers notre client\u00e8le.","breadcrumb":{"@id":"https:\/\/guydrolic.com\/fr\/produits\/#breadcrumb"},"inLanguage":"fr-FR","potentialAction":[{"@type":"ReadAction","target":["https:\/\/guydrolic.com\/fr\/produits\/"]}]},{"@type":"BreadcrumbList","@id":"https:\/\/guydrolic.com\/fr\/produits\/#breadcrumb","itemListElement":[{"@type":"ListItem","position":1,"name":"Accueil","item":"https:\/\/guydrolic.com\/fr\/"},{"@type":"ListItem","position":2,"name":"Produits"}]},{"@type":"WebSite","@id":"https:\/\/guydrolic.com\/fr\/#website","url":"https:\/\/guydrolic.com\/fr\/","name":"Guydrolic Inc.","description":"Concessionnaire Kobelco Canada","publisher":{"@id":"https:\/\/guydrolic.com\/fr\/#organization"},"potentialAction":[{"@type":"SearchAction","target":{"@type":"EntryPoint","urlTemplate":"https:\/\/guydrolic.com\/fr\/?s={search_term_string}"},"query-input":{"@type":"PropertyValueSpecification","valueRequired":true,"valueName":"search_term_string"}}],"inLanguage":"fr-FR"},{"@type":"Organization","@id":"https:\/\/guydrolic.com\/fr\/#organization","name":"Guydrolic","url":"https:\/\/guydrolic.com\/fr\/","logo":{"@type":"ImageObject","inLanguage":"fr-FR","@id":"https:\/\/guydrolic.com\/fr\/#\/schema\/logo\/image\/","url":"https:\/\/guydrolic.com\/wp-content\/uploads\/2024\/09\/logo-guydrolic-2.svg","contentUrl":"https:\/\/guydrolic.com\/wp-content\/uploads\/2024\/09\/logo-guydrolic-2.svg","width":409,"height":138,"caption":"Guydrolic"},"image":{"@id":"https:\/\/guydrolic.com\/fr\/#\/schema\/logo\/image\/"}}]}},"_links":{"self":[{"href":"https:\/\/guydrolic.com\/fr\/wp-json\/wp\/v2\/pages\/504","targetHints":{"allow":["GET"]}}],"collection":[{"href":"https:\/\/guydrolic.com\/fr\/wp-json\/wp\/v2\/pages"}],"about":[{"href":"https:\/\/guydrolic.com\/fr\/wp-json\/wp\/v2\/types\/page"}],"author":[{"embeddable":true,"href":"https:\/\/guydrolic.com\/fr\/wp-json\/wp\/v2\/users\/5"}],"replies":[{"embeddable":true,"href":"https:\/\/guydrolic.com\/fr\/wp-json\/wp\/v2\/comments?post=504"}],"version-history":[{"count":2,"href":"https:\/\/guydrolic.com\/fr\/wp-json\/wp\/v2\/pages\/504\/revisions"}],"predecessor-version":[{"id":868,"href":"https:\/\/guydrolic.com\/fr\/wp-json\/wp\/v2\/pages\/504\/revisions\/868"}],"wp:attachment":[{"href":"https:\/\/guydrolic.com\/fr\/wp-json\/wp\/v2\/media?parent=504"}],"curies":[{"name":"wp","href":"https:\/\/api.w.org\/{rel}","templated":true}]}}