{"id":50,"date":"2024-06-11T11:54:12","date_gmt":"2024-06-11T15:54:12","guid":{"rendered":"https:\/\/guydrolic.com\/?page_id=50"},"modified":"2024-08-12T09:02:21","modified_gmt":"2024-08-12T13:02:21","slug":"realisations","status":"publish","type":"page","link":"https:\/\/guydrolic.com\/fr\/realisations\/","title":{"rendered":"R\u00e9alisations"},"content":{"rendered":"<p>[et_pb_section fb_built=\u00a0\u00bb1&Prime; module_class=\u00a0\u00bbtexte-blanc\u00a0\u00bb _builder_version=\u00a0\u00bb4.27.0&Prime; _module_preset=\u00a0\u00bbdefault\u00a0\u00bb background_color=\u00a0\u00bb#d9d9d9&Prime; background_image=\u00a0\u00bbhttps:\/\/guydrolic.com\/wp-content\/uploads\/2024\/08\/bandeau-realisations-Guydrolic.jpg\u00a0\u00bb locked=\u00a0\u00bboff\u00a0\u00bb global_colors_info=\u00a0\u00bb{}\u00a0\u00bb][et_pb_row _builder_version=\u00a0\u00bb4.27.0&Prime; _module_preset=\u00a0\u00bbdefault\u00a0\u00bb global_colors_info=\u00a0\u00bb{}\u00a0\u00bb][et_pb_column type=\u00a0\u00bb4_4&Prime; _builder_version=\u00a0\u00bb4.26.0&Prime; _module_preset=\u00a0\u00bbdefault\u00a0\u00bb global_colors_info=\u00a0\u00bb{}\u00a0\u00bb][et_pb_text _builder_version=\u00a0\u00bb4.27.0&Prime; _module_preset=\u00a0\u00bbdefault\u00a0\u00bb global_colors_info=\u00a0\u00bb{}\u00a0\u00bb]<\/p>\n<h4>Guydrolic<\/h4>\n<h1>Le plaisir de cr\u00e9er et d&rsquo;inventer<\/h1>\n<p>[\/et_pb_text][\/et_pb_column][\/et_pb_row][\/et_pb_section][et_pb_section fb_built=\u00a0\u00bb1&Prime; _builder_version=\u00a0\u00bb4.26.0&Prime; _module_preset=\u00a0\u00bbdefault\u00a0\u00bb global_colors_info=\u00a0\u00bb{}\u00a0\u00bb][et_pb_row _builder_version=\u00a0\u00bb4.26.0&Prime; _module_preset=\u00a0\u00bbdefault\u00a0\u00bb global_colors_info=\u00a0\u00bb{}\u00a0\u00bb][et_pb_column type=\u00a0\u00bb4_4&Prime; _builder_version=\u00a0\u00bb4.26.0&Prime; _module_preset=\u00a0\u00bbdefault\u00a0\u00bb global_colors_info=\u00a0\u00bb{}\u00a0\u00bb][et_pb_text _builder_version=\u00a0\u00bb4.26.1&Prime; _module_preset=\u00a0\u00bbdefault\u00a0\u00bb global_colors_info=\u00a0\u00bb{}\u00a0\u00bb]<\/p>\n<h2 style=\"text-align: center;\">Le plaisir de cr\u00e9er et inventer<\/h2>\n<p style=\"text-align: center;\">Notre atelier est un v\u00e9ritable laboratoire d&rsquo;innovation o\u00f9 chaque projet prend vie gr\u00e2ce \u00e0 notre ing\u00e9niosit\u00e9 et notre savoir-faire. Chez Guydrolic, nous concevons des solutions sur mesure, d\u00e9montrant notre capacit\u00e9 \u00e0 relever les d\u00e9fis les plus complexes. Nos r\u00e9alisations, notamment la transformation d&rsquo;excavatrices en \u00e9brancheuses, illustrent notre expertise et notre engagement \u00e0 r\u00e9pondre aux besoins sp\u00e9cifiques de chaque client avec excellence.<\/p>\n<p>[\/et_pb_text][\/et_pb_column][\/et_pb_row][\/et_pb_section][et_pb_section fb_built=\u00a0\u00bb1&Prime; module_class=\u00a0\u00bbtexte-blanc\u00a0\u00bb _builder_version=\u00a0\u00bb4.26.0&Prime; _module_preset=\u00a0\u00bbdefault\u00a0\u00bb background_color=\u00a0\u00bb#1d2d21&Prime; global_colors_info=\u00a0\u00bb{}\u00a0\u00bb][et_pb_row _builder_version=\u00a0\u00bb4.26.0&Prime; _module_preset=\u00a0\u00bbdefault\u00a0\u00bb global_colors_info=\u00a0\u00bb{}\u00a0\u00bb][et_pb_column type=\u00a0\u00bb4_4&Prime; _builder_version=\u00a0\u00bb4.26.0&Prime; _module_preset=\u00a0\u00bbdefault\u00a0\u00bb global_colors_info=\u00a0\u00bb{}\u00a0\u00bb][et_pb_text _builder_version=\u00a0\u00bb4.26.0&Prime; _module_preset=\u00a0\u00bbdefault\u00a0\u00bb global_colors_info=\u00a0\u00bb{}\u00a0\u00bb]<\/p>\n<h3 style=\"text-align: center;\">Sp\u00e9cialit\u00e9 de Guydrolic<\/h3>\n<h2 style=\"text-align: center;\">Des excavatrices transform\u00e9es en \u00e9brancheuses<\/h2>\n<p>[\/et_pb_text][\/et_pb_column][\/et_pb_row][et_pb_row _builder_version=\u00a0\u00bb4.26.0&Prime; _module_preset=\u00a0\u00bbdefault\u00a0\u00bb global_colors_info=\u00a0\u00bb{}\u00a0\u00bb][et_pb_column type=\u00a0\u00bb4_4&Prime; _builder_version=\u00a0\u00bb4.26.0&Prime; _module_preset=\u00a0\u00bbdefault\u00a0\u00bb global_colors_info=\u00a0\u00bb{}\u00a0\u00bb][et_pb_image src=\u00a0\u00bbhttps:\/\/guydrolic.com\/wp-content\/uploads\/2024\/07\/excavatrice-ebrancheuse-badge.jpg\u00a0\u00bb alt=\u00a0\u00bbexcavatrice-ebrancheuse-3-badge\u00a0\u00bb title_text=\u00a0\u00bbexcavatrice-ebrancheuse-badge\u00a0\u00bb _builder_version=\u00a0\u00bb4.26.0&Prime; _module_preset=\u00a0\u00bbdefault\u00a0\u00bb global_colors_info=\u00a0\u00bb{}\u00a0\u00bb][\/et_pb_image][\/et_pb_column][\/et_pb_row][et_pb_row column_structure=\u00a0\u00bb1_2,1_2&Prime; _builder_version=\u00a0\u00bb4.26.0&Prime; _module_preset=\u00a0\u00bbdefault\u00a0\u00bb global_colors_info=\u00a0\u00bb{}\u00a0\u00bb][et_pb_column type=\u00a0\u00bb1_2&Prime; _builder_version=\u00a0\u00bb4.26.0&Prime; _module_preset=\u00a0\u00bbdefault\u00a0\u00bb global_colors_info=\u00a0\u00bb{}\u00a0\u00bb][et_pb_image src=\u00a0\u00bbhttps:\/\/guydrolic.com\/wp-content\/uploads\/2024\/07\/excavatrice-ebrancheuse-1.jpg\u00a0\u00bb alt=\u00a0\u00bbexcavatrice-ebrancheuse-1&Prime; title_text=\u00a0\u00bbexcavatrice-ebrancheuse-1&Prime; _builder_version=\u00a0\u00bb4.26.0&Prime; _module_preset=\u00a0\u00bbdefault\u00a0\u00bb global_colors_info=\u00a0\u00bb{}\u00a0\u00bb][\/et_pb_image][\/et_pb_column][et_pb_column type=\u00a0\u00bb1_2&Prime; _builder_version=\u00a0\u00bb4.26.0&Prime; _module_preset=\u00a0\u00bbdefault\u00a0\u00bb global_colors_info=\u00a0\u00bb{}\u00a0\u00bb][et_pb_image src=\u00a0\u00bbhttps:\/\/guydrolic.com\/wp-content\/uploads\/2024\/07\/excavatrice-ebrancheuse-2.jpg\u00a0\u00bb alt=\u00a0\u00bbexcavatrice-ebrancheuse-2&Prime; title_text=\u00a0\u00bbexcavatrice-ebrancheuse-2&Prime; _builder_version=\u00a0\u00bb4.26.0&Prime; _module_preset=\u00a0\u00bbdefault\u00a0\u00bb global_colors_info=\u00a0\u00bb{}\u00a0\u00bb][\/et_pb_image][\/et_pb_column][\/et_pb_row][et_pb_row _builder_version=\u00a0\u00bb4.26.0&Prime; _module_preset=\u00a0\u00bbdefault\u00a0\u00bb global_colors_info=\u00a0\u00bb{}\u00a0\u00bb][et_pb_column type=\u00a0\u00bb4_4&Prime; _builder_version=\u00a0\u00bb4.26.0&Prime; _module_preset=\u00a0\u00bbdefault\u00a0\u00bb global_colors_info=\u00a0\u00bb{}\u00a0\u00bb][et_pb_text _builder_version=\u00a0\u00bb4.27.0&Prime; _module_preset=\u00a0\u00bbdefault\u00a0\u00bb global_colors_info=\u00a0\u00bb{}\u00a0\u00bb]<\/p>\n<h3>\u00c9brancheuses Kobelco SK260LC-10<\/h3>\n<p>[\/et_pb_text][\/et_pb_column][\/et_pb_row][\/et_pb_section][et_pb_section fb_built=\u00a0\u00bb1&Prime; _builder_version=\u00a0\u00bb4.26.0&Prime; _module_preset=\u00a0\u00bbdefault\u00a0\u00bb global_colors_info=\u00a0\u00bb{}\u00a0\u00bb][et_pb_row column_structure=\u00a0\u00bb1_2,1_2&Prime; _builder_version=\u00a0\u00bb4.26.0&Prime; _module_preset=\u00a0\u00bbdefault\u00a0\u00bb global_colors_info=\u00a0\u00bb{}\u00a0\u00bb][et_pb_column type=\u00a0\u00bb1_2&Prime; _builder_version=\u00a0\u00bb4.26.0&Prime; _module_preset=\u00a0\u00bbdefault\u00a0\u00bb global_colors_info=\u00a0\u00bb{}\u00a0\u00bb][et_pb_image src=\u00a0\u00bbhttps:\/\/guydrolic.com\/wp-content\/uploads\/2024\/07\/grappin-sur-excavatrice.jpg\u00a0\u00bb alt=\u00a0\u00bbgrappin-sur-excavatrice\u00a0\u00bb title_text=\u00a0\u00bbgrappin-sur-excavatrice\u00a0\u00bb _builder_version=\u00a0\u00bb4.26.0&Prime; _module_preset=\u00a0\u00bbdefault\u00a0\u00bb global_colors_info=\u00a0\u00bb{}\u00a0\u00bb][\/et_pb_image][et_pb_text _builder_version=\u00a0\u00bb4.26.0&Prime; _module_preset=\u00a0\u00bbdefault\u00a0\u00bb global_colors_info=\u00a0\u00bb{}\u00a0\u00bb]<\/p>\n<h3>Installation d&rsquo;un Grappin Rotobec sur une excavatrice<\/h3>\n<p>[\/et_pb_text][\/et_pb_column][et_pb_column type=\u00a0\u00bb1_2&Prime; _builder_version=\u00a0\u00bb4.26.0&Prime; _module_preset=\u00a0\u00bbdefault\u00a0\u00bb global_colors_info=\u00a0\u00bb{}\u00a0\u00bb][et_pb_image src=\u00a0\u00bbhttps:\/\/guydrolic.com\/wp-content\/uploads\/2024\/07\/chargeuse-sur-camion.jpg\u00a0\u00bb alt=\u00a0\u00bbchargeuse-sur-camion\u00a0\u00bb title_text=\u00a0\u00bbchargeuse-sur-camion\u00a0\u00bb _builder_version=\u00a0\u00bb4.26.0&Prime; _module_preset=\u00a0\u00bbdefault\u00a0\u00bb global_colors_info=\u00a0\u00bb{}\u00a0\u00bb][\/et_pb_image][et_pb_text _builder_version=\u00a0\u00bb4.27.0&Prime; _module_preset=\u00a0\u00bbdefault\u00a0\u00bb global_colors_info=\u00a0\u00bb{}\u00a0\u00bb]<\/p>\n<h3>Chargeuse Rotobec install\u00e9e sur camion<\/h3>\n<p>[\/et_pb_text][\/et_pb_column][\/et_pb_row][et_pb_row _builder_version=\u00a0\u00bb4.26.0&Prime; _module_preset=\u00a0\u00bbdefault\u00a0\u00bb global_colors_info=\u00a0\u00bb{}\u00a0\u00bb][et_pb_column type=\u00a0\u00bb4_4&Prime; _builder_version=\u00a0\u00bb4.26.0&Prime; _module_preset=\u00a0\u00bbdefault\u00a0\u00bb global_colors_info=\u00a0\u00bb{}\u00a0\u00bb][et_pb_blurb image=\u00a0\u00bbhttps:\/\/guydrolic.com\/wp-content\/uploads\/2024\/06\/icone-citation-guydrolic.svg\u00a0\u00bb alt=\u00a0\u00bbicone-citation-guydrolic\u00a0\u00bb module_class=\u00a0\u00bbcitation noir texte-blanc\u00a0\u00bb _builder_version=\u00a0\u00bb4.27.0&Prime; _module_preset=\u00a0\u00bbdefault\u00a0\u00bb global_colors_info=\u00a0\u00bb{}\u00a0\u00bb]<\/p>\n<h3>\u00ab Si tu me demandes d\u2019inventer quelque chose, je suis parti. Je suis dans mon monde. \u00bb<\/h3>\n<p style=\"text-align: right;\">Jasmin Turcotte,<br \/>soudeur<\/p>\n<p>[\/et_pb_blurb][\/et_pb_column][\/et_pb_row][\/et_pb_section][et_pb_section fb_built=\u00a0\u00bb1&Prime; module_id=\u00a0\u00bbinspection-de-chariots-elevateurs\u00a0\u00bb _builder_version=\u00a0\u00bb4.25.2&Prime; _module_preset=\u00a0\u00bbdefault\u00a0\u00bb background_color=\u00a0\u00bb#e7f1f5&Prime; global_module=\u00a0\u00bb385&Prime; global_colors_info=\u00a0\u00bb{}\u00a0\u00bb][et_pb_row _builder_version=\u00a0\u00bb4.25.2&Prime; _module_preset=\u00a0\u00bbdefault\u00a0\u00bb global_colors_info=\u00a0\u00bb{}\u00a0\u00bb][et_pb_column type=\u00a0\u00bb4_4&Prime; _builder_version=\u00a0\u00bb4.25.2&Prime; _module_preset=\u00a0\u00bbdefault\u00a0\u00bb global_colors_info=\u00a0\u00bb{}\u00a0\u00bb][et_pb_text _builder_version=\u00a0\u00bb4.25.2&Prime; _module_preset=\u00a0\u00bbdefault\u00a0\u00bb global_colors_info=\u00a0\u00bb{}\u00a0\u00bb]<\/p>\n<h3 style=\"text-align: center;\">Nous d\u00e9tenons plusieurs expertises<\/h3>\n<h2 style=\"text-align: center;\">Confiez-nous votre projet<\/h2>\n<p>[\/et_pb_text][et_pb_button button_url=\u00a0\u00bb@ET-DC@eyJkeW5hbWljIjp0cnVlLCJjb250ZW50IjoicG9zdF9saW5rX3VybF9wYWdlIiwic2V0dGluZ3MiOnsicG9zdF9pZCI6IjY4In19@\u00a0\u00bb button_text=\u00a0\u00bbDemande de soumission\u00a0\u00bb button_alignment=\u00a0\u00bbcenter\u00a0\u00bb _builder_version=\u00a0\u00bb4.25.2&Prime; _dynamic_attributes=\u00a0\u00bbbutton_url\u00a0\u00bb _module_preset=\u00a0\u00bbdefault\u00a0\u00bb global_colors_info=\u00a0\u00bb{}\u00a0\u00bb][\/et_pb_button][\/et_pb_column][\/et_pb_row][\/et_pb_section][et_pb_section fb_built=\u00a0\u00bb1&Prime; module_class=\u00a0\u00bbtexte-blanc\u00a0\u00bb _builder_version=\u00a0\u00bb4.27.0&Prime; _module_preset=\u00a0\u00bbdefault\u00a0\u00bb background_image=\u00a0\u00bbhttps:\/\/guydrolic.com\/wp-content\/uploads\/2024\/07\/fond-multi-points-guydrolic.svg\u00a0\u00bb global_module=\u00a0\u00bb224&Prime; saved_tabs=\u00a0\u00bball\u00a0\u00bb global_colors_info=\u00a0\u00bb{}\u00a0\u00bb][et_pb_row _builder_version=\u00a0\u00bb4.25.1&Prime; _module_preset=\u00a0\u00bbdefault\u00a0\u00bb global_colors_info=\u00a0\u00bb{}\u00a0\u00bb][et_pb_column type=\u00a0\u00bb4_4&Prime; _builder_version=\u00a0\u00bb4.25.1&Prime; _module_preset=\u00a0\u00bbdefault\u00a0\u00bb global_colors_info=\u00a0\u00bb{}\u00a0\u00bb][et_pb_text _builder_version=\u00a0\u00bb4.27.0&Prime; _module_preset=\u00a0\u00bbdefault\u00a0\u00bb global_colors_info=\u00a0\u00bb{}\u00a0\u00bb]<\/p>\n<h3 style=\"text-align: center;\">Recevez des r\u00e9compenses Multi Points<\/h3>\n<h2 style=\"text-align: center;\">Un programme de r\u00e9compenses unique \u00e0 Guydrolic<\/h2>\n<p style=\"text-align: center;\">La carte Multi points est un programme de fid\u00e9lisation qui permet aux adh\u00e9rents du programme d\u2019obtenir des points pour chaque paiement conclu sur les achats effectu\u00e9s chez Guydrolic Inc., applicables sur toutes les pi\u00e8ces et la main-d\u2019\u0153uvre, excluant la machinerie et les \u00e9quipements. Ces points peuvent ensuite \u00eatre \u00e9chang\u00e9s contre une multitude de r\u00e9compenses.<\/p>\n<p>[\/et_pb_text][et_pb_text _builder_version=\u00a0\u00bb4.25.1&Prime; _module_preset=\u00a0\u00bbdefault\u00a0\u00bb global_colors_info=\u00a0\u00bb{}\u00a0\u00bb]<\/p>\n<h3 style=\"text-align: center;\">On vous r\u00e9compense pour vos bonnes habitudes de paiement. Utilisez vos points comme bon vous semble.<\/h3>\n<p>[\/et_pb_text][et_pb_button button_url=\u00a0\u00bb@ET-DC@eyJkeW5hbWljIjp0cnVlLCJjb250ZW50IjoicG9zdF9saW5rX3VybF9wYWdlIiwic2V0dGluZ3MiOnsicG9zdF9pZCI6IjUyIn19@\u00a0\u00bb button_text=\u00a0\u00bbVoir le programme Multi Points\u00a0\u00bb button_alignment=\u00a0\u00bbcenter\u00a0\u00bb module_class=\u00a0\u00bbbtn-outline\u00a0\u00bb _builder_version=\u00a0\u00bb4.25.1&Prime; _dynamic_attributes=\u00a0\u00bbbutton_url\u00a0\u00bb _module_preset=\u00a0\u00bbdefault\u00a0\u00bb global_colors_info=\u00a0\u00bb{}\u00a0\u00bb][\/et_pb_button][\/et_pb_column][\/et_pb_row][\/et_pb_section]<\/p>\n","protected":false},"excerpt":{"rendered":"<p>Guydrolic Le plaisir de cr\u00e9er et d&rsquo;inventerLe plaisir de cr\u00e9er et inventer Notre atelier est un v\u00e9ritable laboratoire d&rsquo;innovation o\u00f9 chaque projet prend vie gr\u00e2ce \u00e0 notre ing\u00e9niosit\u00e9 et notre savoir-faire. Chez Guydrolic, nous concevons des solutions sur mesure, d\u00e9montrant notre capacit\u00e9 \u00e0 relever les d\u00e9fis les plus complexes. Nos r\u00e9alisations, notamment la transformation d&rsquo;excavatrices [&hellip;]<\/p>\n","protected":false},"author":5,"featured_media":0,"parent":0,"menu_order":0,"comment_status":"closed","ping_status":"closed","template":"","meta":{"_et_pb_use_builder":"on","_et_pb_old_content":"<!-- wp:divi\/placeholder \/-->","_et_gb_content_width":"","footnotes":""},"class_list":["post-50","page","type-page","status-publish","hentry"],"yoast_head":"<!-- This site is optimized with the Yoast SEO plugin v27.6 - https:\/\/yoast.com\/product\/yoast-seo-wordpress\/ -->\n<title>Le plaisir de cr\u00e9er et inventer | Guydolic<\/title>\n<meta name=\"description\" content=\"Notre atelier est un v\u00e9ritable laboratoire d\u2019innovation o\u00f9 chaque projet prend vie gr\u00e2ce \u00e0 notre ing\u00e9niosit\u00e9 et notre savoir-faire.\" \/>\n<meta name=\"robots\" content=\"index, follow, max-snippet:-1, max-image-preview:large, max-video-preview:-1\" \/>\n<link rel=\"canonical\" href=\"https:\/\/guydrolic.com\/fr\/realisations\/\" \/>\n<meta property=\"og:locale\" content=\"fr_FR\" \/>\n<meta property=\"og:type\" content=\"article\" \/>\n<meta property=\"og:title\" content=\"Le plaisir de cr\u00e9er et inventer | Guydolic\" \/>\n<meta property=\"og:description\" content=\"Notre atelier est un v\u00e9ritable laboratoire d\u2019innovation o\u00f9 chaque projet prend vie gr\u00e2ce \u00e0 notre ing\u00e9niosit\u00e9 et notre savoir-faire.\" \/>\n<meta property=\"og:url\" content=\"https:\/\/guydrolic.com\/fr\/realisations\/\" \/>\n<meta property=\"og:site_name\" content=\"Guydrolic Inc.\" \/>\n<meta property=\"article:modified_time\" content=\"2024-08-12T13:02:21+00:00\" \/>\n<meta name=\"twitter:card\" content=\"summary_large_image\" \/>\n<meta name=\"twitter:label1\" content=\"Dur\u00e9e de lecture estim\u00e9e\" \/>\n\t<meta name=\"twitter:data1\" content=\"3 minutes\" \/>\n<script type=\"application\/ld+json\" class=\"yoast-schema-graph\">{\"@context\":\"https:\\\/\\\/schema.org\",\"@graph\":[{\"@type\":\"WebPage\",\"@id\":\"https:\\\/\\\/guydrolic.com\\\/fr\\\/realisations\\\/\",\"url\":\"https:\\\/\\\/guydrolic.com\\\/fr\\\/realisations\\\/\",\"name\":\"Le plaisir de cr\u00e9er et inventer | Guydolic\",\"isPartOf\":{\"@id\":\"https:\\\/\\\/guydrolic.com\\\/fr\\\/#website\"},\"datePublished\":\"2024-06-11T15:54:12+00:00\",\"dateModified\":\"2024-08-12T13:02:21+00:00\",\"description\":\"Notre atelier est un v\u00e9ritable laboratoire d\u2019innovation o\u00f9 chaque projet prend vie gr\u00e2ce \u00e0 notre ing\u00e9niosit\u00e9 et notre savoir-faire.\",\"breadcrumb\":{\"@id\":\"https:\\\/\\\/guydrolic.com\\\/fr\\\/realisations\\\/#breadcrumb\"},\"inLanguage\":\"fr-FR\",\"potentialAction\":[{\"@type\":\"ReadAction\",\"target\":[\"https:\\\/\\\/guydrolic.com\\\/fr\\\/realisations\\\/\"]}]},{\"@type\":\"BreadcrumbList\",\"@id\":\"https:\\\/\\\/guydrolic.com\\\/fr\\\/realisations\\\/#breadcrumb\",\"itemListElement\":[{\"@type\":\"ListItem\",\"position\":1,\"name\":\"Accueil\",\"item\":\"https:\\\/\\\/guydrolic.com\\\/fr\\\/\"},{\"@type\":\"ListItem\",\"position\":2,\"name\":\"R\u00e9alisations\"}]},{\"@type\":\"WebSite\",\"@id\":\"https:\\\/\\\/guydrolic.com\\\/fr\\\/#website\",\"url\":\"https:\\\/\\\/guydrolic.com\\\/fr\\\/\",\"name\":\"Guydrolic Inc.\",\"description\":\"Concessionnaire Kobelco Canada\",\"publisher\":{\"@id\":\"https:\\\/\\\/guydrolic.com\\\/fr\\\/#organization\"},\"potentialAction\":[{\"@type\":\"SearchAction\",\"target\":{\"@type\":\"EntryPoint\",\"urlTemplate\":\"https:\\\/\\\/guydrolic.com\\\/fr\\\/?s={search_term_string}\"},\"query-input\":{\"@type\":\"PropertyValueSpecification\",\"valueRequired\":true,\"valueName\":\"search_term_string\"}}],\"inLanguage\":\"fr-FR\"},{\"@type\":\"Organization\",\"@id\":\"https:\\\/\\\/guydrolic.com\\\/fr\\\/#organization\",\"name\":\"Guydrolic\",\"url\":\"https:\\\/\\\/guydrolic.com\\\/fr\\\/\",\"logo\":{\"@type\":\"ImageObject\",\"inLanguage\":\"fr-FR\",\"@id\":\"https:\\\/\\\/guydrolic.com\\\/fr\\\/#\\\/schema\\\/logo\\\/image\\\/\",\"url\":\"https:\\\/\\\/guydrolic.com\\\/wp-content\\\/uploads\\\/2024\\\/09\\\/logo-guydrolic-2.svg\",\"contentUrl\":\"https:\\\/\\\/guydrolic.com\\\/wp-content\\\/uploads\\\/2024\\\/09\\\/logo-guydrolic-2.svg\",\"width\":409,\"height\":138,\"caption\":\"Guydrolic\"},\"image\":{\"@id\":\"https:\\\/\\\/guydrolic.com\\\/fr\\\/#\\\/schema\\\/logo\\\/image\\\/\"}}]}<\/script>\n<!-- \/ Yoast SEO plugin. -->","yoast_head_json":{"title":"Le plaisir de cr\u00e9er et inventer | Guydolic","description":"Notre atelier est un v\u00e9ritable laboratoire d\u2019innovation o\u00f9 chaque projet prend vie gr\u00e2ce \u00e0 notre ing\u00e9niosit\u00e9 et notre savoir-faire.","robots":{"index":"index","follow":"follow","max-snippet":"max-snippet:-1","max-image-preview":"max-image-preview:large","max-video-preview":"max-video-preview:-1"},"canonical":"https:\/\/guydrolic.com\/fr\/realisations\/","og_locale":"fr_FR","og_type":"article","og_title":"Le plaisir de cr\u00e9er et inventer | Guydolic","og_description":"Notre atelier est un v\u00e9ritable laboratoire d\u2019innovation o\u00f9 chaque projet prend vie gr\u00e2ce \u00e0 notre ing\u00e9niosit\u00e9 et notre savoir-faire.","og_url":"https:\/\/guydrolic.com\/fr\/realisations\/","og_site_name":"Guydrolic Inc.","article_modified_time":"2024-08-12T13:02:21+00:00","twitter_card":"summary_large_image","twitter_misc":{"Dur\u00e9e de lecture estim\u00e9e":"3 minutes"},"schema":{"@context":"https:\/\/schema.org","@graph":[{"@type":"WebPage","@id":"https:\/\/guydrolic.com\/fr\/realisations\/","url":"https:\/\/guydrolic.com\/fr\/realisations\/","name":"Le plaisir de cr\u00e9er et inventer | Guydolic","isPartOf":{"@id":"https:\/\/guydrolic.com\/fr\/#website"},"datePublished":"2024-06-11T15:54:12+00:00","dateModified":"2024-08-12T13:02:21+00:00","description":"Notre atelier est un v\u00e9ritable laboratoire d\u2019innovation o\u00f9 chaque projet prend vie gr\u00e2ce \u00e0 notre ing\u00e9niosit\u00e9 et notre savoir-faire.","breadcrumb":{"@id":"https:\/\/guydrolic.com\/fr\/realisations\/#breadcrumb"},"inLanguage":"fr-FR","potentialAction":[{"@type":"ReadAction","target":["https:\/\/guydrolic.com\/fr\/realisations\/"]}]},{"@type":"BreadcrumbList","@id":"https:\/\/guydrolic.com\/fr\/realisations\/#breadcrumb","itemListElement":[{"@type":"ListItem","position":1,"name":"Accueil","item":"https:\/\/guydrolic.com\/fr\/"},{"@type":"ListItem","position":2,"name":"R\u00e9alisations"}]},{"@type":"WebSite","@id":"https:\/\/guydrolic.com\/fr\/#website","url":"https:\/\/guydrolic.com\/fr\/","name":"Guydrolic Inc.","description":"Concessionnaire Kobelco Canada","publisher":{"@id":"https:\/\/guydrolic.com\/fr\/#organization"},"potentialAction":[{"@type":"SearchAction","target":{"@type":"EntryPoint","urlTemplate":"https:\/\/guydrolic.com\/fr\/?s={search_term_string}"},"query-input":{"@type":"PropertyValueSpecification","valueRequired":true,"valueName":"search_term_string"}}],"inLanguage":"fr-FR"},{"@type":"Organization","@id":"https:\/\/guydrolic.com\/fr\/#organization","name":"Guydrolic","url":"https:\/\/guydrolic.com\/fr\/","logo":{"@type":"ImageObject","inLanguage":"fr-FR","@id":"https:\/\/guydrolic.com\/fr\/#\/schema\/logo\/image\/","url":"https:\/\/guydrolic.com\/wp-content\/uploads\/2024\/09\/logo-guydrolic-2.svg","contentUrl":"https:\/\/guydrolic.com\/wp-content\/uploads\/2024\/09\/logo-guydrolic-2.svg","width":409,"height":138,"caption":"Guydrolic"},"image":{"@id":"https:\/\/guydrolic.com\/fr\/#\/schema\/logo\/image\/"}}]}},"_links":{"self":[{"href":"https:\/\/guydrolic.com\/fr\/wp-json\/wp\/v2\/pages\/50","targetHints":{"allow":["GET"]}}],"collection":[{"href":"https:\/\/guydrolic.com\/fr\/wp-json\/wp\/v2\/pages"}],"about":[{"href":"https:\/\/guydrolic.com\/fr\/wp-json\/wp\/v2\/types\/page"}],"author":[{"embeddable":true,"href":"https:\/\/guydrolic.com\/fr\/wp-json\/wp\/v2\/users\/5"}],"replies":[{"embeddable":true,"href":"https:\/\/guydrolic.com\/fr\/wp-json\/wp\/v2\/comments?post=50"}],"version-history":[{"count":18,"href":"https:\/\/guydrolic.com\/fr\/wp-json\/wp\/v2\/pages\/50\/revisions"}],"predecessor-version":[{"id":886,"href":"https:\/\/guydrolic.com\/fr\/wp-json\/wp\/v2\/pages\/50\/revisions\/886"}],"wp:attachment":[{"href":"https:\/\/guydrolic.com\/fr\/wp-json\/wp\/v2\/media?parent=50"}],"curies":[{"name":"wp","href":"https:\/\/api.w.org\/{rel}","templated":true}]}}