{"id":42,"date":"2024-06-11T11:38:20","date_gmt":"2024-06-11T15:38:20","guid":{"rendered":"https:\/\/guydrolic.com\/?page_id=42"},"modified":"2024-08-12T08:54:03","modified_gmt":"2024-08-12T12:54:03","slug":"guydrolic","status":"publish","type":"page","link":"https:\/\/guydrolic.com\/fr\/guydrolic\/","title":{"rendered":"Guydrolic"},"content":{"rendered":"<p>[et_pb_section fb_built=\u00a0\u00bb1&Prime; module_class=\u00a0\u00bbhead-page texte-blanc\u00a0\u00bb _builder_version=\u00a0\u00bb4.26.1&Prime; _module_preset=\u00a0\u00bbdefault\u00a0\u00bb background_color=\u00a0\u00bb#d9d9d9&Prime; background_image=\u00a0\u00bbhttps:\/\/guydrolic.com\/wp-content\/uploads\/2024\/07\/bandeau-Guydrolic.jpg\u00a0\u00bb locked=\u00a0\u00bboff\u00a0\u00bb global_colors_info=\u00a0\u00bb{}\u00a0\u00bb][et_pb_row _builder_version=\u00a0\u00bb4.26.0&Prime; _module_preset=\u00a0\u00bbdefault\u00a0\u00bb global_colors_info=\u00a0\u00bb{}\u00a0\u00bb][et_pb_column type=\u00a0\u00bb4_4&Prime; _builder_version=\u00a0\u00bb4.26.0&Prime; _module_preset=\u00a0\u00bbdefault\u00a0\u00bb global_colors_info=\u00a0\u00bb{}\u00a0\u00bb][et_pb_text _builder_version=\u00a0\u00bb4.27.0&Prime; _module_preset=\u00a0\u00bbdefault\u00a0\u00bb global_colors_info=\u00a0\u00bb{}\u00a0\u00bb]<\/p>\n<h4>Guydrolic<\/h4>\n<h1>Sp\u00e9cialistes de la\u2028machinerie lourde<\/h1>\n<p>[\/et_pb_text][\/et_pb_column][\/et_pb_row][\/et_pb_section][et_pb_section fb_built=\u00a0\u00bb1&Prime; _builder_version=\u00a0\u00bb4.26.0&Prime; _module_preset=\u00a0\u00bbdefault\u00a0\u00bb global_colors_info=\u00a0\u00bb{}\u00a0\u00bb][et_pb_row _builder_version=\u00a0\u00bb4.26.0&Prime; _module_preset=\u00a0\u00bbdefault\u00a0\u00bb global_colors_info=\u00a0\u00bb{}\u00a0\u00bb][et_pb_column type=\u00a0\u00bb4_4&Prime; _builder_version=\u00a0\u00bb4.26.0&Prime; _module_preset=\u00a0\u00bbdefault\u00a0\u00bb global_colors_info=\u00a0\u00bb{}\u00a0\u00bb][et_pb_text _builder_version=\u00a0\u00bb4.27.0&Prime; _module_preset=\u00a0\u00bbdefault\u00a0\u00bb global_colors_info=\u00a0\u00bb{}\u00a0\u00bb]<\/p>\n<h3 style=\"text-align: center;\">\u00c0 l\u2019\u00e9coute des besoins de vos projets<\/h3>\n<h2 style=\"text-align: center;\">Expert en service \u00e0 la client\u00e8le<\/h2>\n<p style=\"text-align: center;\">Guydrolic est une entreprise bien ancr\u00e9e au sein de la collectivit\u00e9 du Lac-Saint-Jean. Sp\u00e9cialis\u00e9s en machinerie lourde, nous nous distinguons par notre excellent service \u00e0 la client\u00e8le, notre \u00e9coute attentive et notre respect envers notre client\u00e8le. Nous comprenons vos besoins et trouvons des solutions adapt\u00e9es avec une efficacit\u00e9 in\u00e9gal\u00e9e. Nos prix comp\u00e9titifs et notre expertise reconnue dans la marque Kobelco et Deutz Fahr vous garantissent des produits de haute qualit\u00e9. Avec plusieurs d\u00e9partements \u00e0 votre disposition, nous sommes en mesure de r\u00e9pondre \u00e0 tous vos besoins de mani\u00e8re rapide et professionnelle depuis 2007.<\/p>\n<p>[\/et_pb_text][\/et_pb_column][\/et_pb_row][\/et_pb_section][et_pb_section fb_built=\u00a0\u00bb1&Prime; _builder_version=\u00a0\u00bb4.27.0&Prime; _module_preset=\u00a0\u00bbdefault\u00a0\u00bb background_image=\u00a0\u00bbhttps:\/\/guydrolic.com\/wp-content\/uploads\/2024\/06\/fond-vert-pointille-guydrolic.svg\u00a0\u00bb global_colors_info=\u00a0\u00bb{}\u00a0\u00bb][et_pb_row _builder_version=\u00a0\u00bb4.27.0&Prime; _module_preset=\u00a0\u00bbdefault\u00a0\u00bb global_colors_info=\u00a0\u00bb{}\u00a0\u00bb][et_pb_column type=\u00a0\u00bb4_4&Prime; _builder_version=\u00a0\u00bb4.26.0&Prime; _module_preset=\u00a0\u00bbdefault\u00a0\u00bb global_colors_info=\u00a0\u00bb{}\u00a0\u00bb][et_pb_text module_class=\u00a0\u00bbtexte-blanc\u00a0\u00bb _builder_version=\u00a0\u00bb4.27.0&Prime; _module_preset=\u00a0\u00bbdefault\u00a0\u00bb global_colors_info=\u00a0\u00bb{}\u00a0\u00bb]<\/p>\n<h3 style=\"text-align: center;\">Ce qui nous distingue<\/h3>\n<h2 style=\"text-align: center;\">D\u00e9couvrez les 4 distinctions de notre \u2028service<\/h2>\n<p style=\"text-align: center;\">Chez Guydrolic, nous nous engageons \u00e0 vous offrir des produits de qualit\u00e9 sup\u00e9rieure ainsi qu&rsquo;un service client exceptionnel, adapt\u00e9 \u00e0 vos besoins et attentes. Votre satisfaction est notre priorit\u00e9.<\/p>\n<p>[\/et_pb_text][\/et_pb_column][\/et_pb_row][et_pb_row column_structure=\u00a0\u00bb1_4,1_4,1_2&Prime; make_equal=\u00a0\u00bbon\u00a0\u00bb module_class=\u00a0\u00bbbloc-distinction texte-blanc\u00a0\u00bb _builder_version=\u00a0\u00bb4.26.0&Prime; _module_preset=\u00a0\u00bbdefault\u00a0\u00bb global_colors_info=\u00a0\u00bb{}\u00a0\u00bb][et_pb_column type=\u00a0\u00bb1_4&Prime; _builder_version=\u00a0\u00bb4.26.0&Prime; _module_preset=\u00a0\u00bbdefault\u00a0\u00bb global_colors_info=\u00a0\u00bb{}\u00a0\u00bb][et_pb_text _builder_version=\u00a0\u00bb4.26.0&Prime; _module_preset=\u00a0\u00bbdefault\u00a0\u00bb width=\u00a0\u00bb100%\u00a0\u00bb max_width=\u00a0\u00bb100%\u00a0\u00bb global_colors_info=\u00a0\u00bb{}\u00a0\u00bb]<\/p>\n<h3>Service apr\u00e8s-vente<\/h3>\n<p>[\/et_pb_text][et_pb_image src=\u00a0\u00bbhttps:\/\/guydrolic.com\/wp-content\/uploads\/2024\/07\/service-apres-vente-guydrolic.jpg\u00a0\u00bb alt=\u00a0\u00bbservice-apres-vente-guydrolic\u00a0\u00bb title_text=\u00a0\u00bbservice-apres-vente-guydrolic\u00a0\u00bb align=\u00a0\u00bbcenter\u00a0\u00bb force_fullwidth=\u00a0\u00bbon\u00a0\u00bb _builder_version=\u00a0\u00bb4.26.1&Prime; _module_preset=\u00a0\u00bbdefault\u00a0\u00bb global_colors_info=\u00a0\u00bb{}\u00a0\u00bb][\/et_pb_image][\/et_pb_column][et_pb_column type=\u00a0\u00bb1_4&Prime; _builder_version=\u00a0\u00bb4.26.0&Prime; _module_preset=\u00a0\u00bbdefault\u00a0\u00bb global_colors_info=\u00a0\u00bb{}\u00a0\u00bb][et_pb_text _builder_version=\u00a0\u00bb4.26.0&Prime; _module_preset=\u00a0\u00bbdefault\u00a0\u00bb global_colors_info=\u00a0\u00bb{}\u00a0\u00bb]<\/p>\n<h3>Savoir-faire<\/h3>\n<p>[\/et_pb_text][et_pb_image src=\u00a0\u00bbhttps:\/\/guydrolic.com\/wp-content\/uploads\/2024\/07\/savoir-faire-guydrolic.jpg\u00a0\u00bb alt=\u00a0\u00bbsavoir-faire-guydrolic\u00a0\u00bb title_text=\u00a0\u00bbsavoir-faire-guydrolic\u00a0\u00bb align=\u00a0\u00bbcenter\u00a0\u00bb force_fullwidth=\u00a0\u00bbon\u00a0\u00bb _builder_version=\u00a0\u00bb4.26.1&Prime; _module_preset=\u00a0\u00bbdefault\u00a0\u00bb global_colors_info=\u00a0\u00bb{}\u00a0\u00bb][\/et_pb_image][\/et_pb_column][et_pb_column type=\u00a0\u00bb1_2&Prime; _builder_version=\u00a0\u00bb4.26.0&Prime; _module_preset=\u00a0\u00bbdefault\u00a0\u00bb global_colors_info=\u00a0\u00bb{}\u00a0\u00bb][et_pb_text module_class=\u00a0\u00bbtexte-absolute\u00a0\u00bb _builder_version=\u00a0\u00bb4.26.0&Prime; _module_preset=\u00a0\u00bbdefault\u00a0\u00bb global_colors_info=\u00a0\u00bb{}\u00a0\u00bb]<\/p>\n<h3>Prix comp\u00e9titif<\/h3>\n<p>[\/et_pb_text][et_pb_image src=\u00a0\u00bbhttps:\/\/guydrolic.com\/wp-content\/uploads\/2024\/07\/prix-competitifs-guydrolic.jpg\u00a0\u00bb alt=\u00a0\u00bbprix-competitifs-guydrolic\u00a0\u00bb title_text=\u00a0\u00bbprix-competitifs-guydrolic\u00a0\u00bb align=\u00a0\u00bbcenter\u00a0\u00bb force_fullwidth=\u00a0\u00bbon\u00a0\u00bb _builder_version=\u00a0\u00bb4.26.1&Prime; _module_preset=\u00a0\u00bbdefault\u00a0\u00bb global_colors_info=\u00a0\u00bb{}\u00a0\u00bb][\/et_pb_image][\/et_pb_column][\/et_pb_row][et_pb_row column_structure=\u00a0\u00bb1_4,1_4,1_4,1_4&Prime; module_class=\u00a0\u00bbtexte-blanc liste-distinction\u00a0\u00bb _builder_version=\u00a0\u00bb4.27.0&Prime; _module_preset=\u00a0\u00bbdefault\u00a0\u00bb global_colors_info=\u00a0\u00bb{}\u00a0\u00bb][et_pb_column type=\u00a0\u00bb1_4&Prime; _builder_version=\u00a0\u00bb4.26.0&Prime; _module_preset=\u00a0\u00bbdefault\u00a0\u00bb global_colors_info=\u00a0\u00bb{}\u00a0\u00bb][et_pb_blurb title=\u00a0\u00bb1. Service\u00a0\u00bb image=\u00a0\u00bbhttps:\/\/guydrolic.com\/wp-content\/uploads\/2024\/07\/crochet-rouge.svg\u00a0\u00bb alt=\u00a0\u00bbcrochet-rouge\u00a0\u00bb _builder_version=\u00a0\u00bb4.27.0&Prime; _module_preset=\u00a0\u00bbdefault\u00a0\u00bb header_level=\u00a0\u00bbh3&Prime; global_colors_info=\u00a0\u00bb{}\u00a0\u00bb]<\/p>\n<ul>\n<li>Service apr\u00e8s-vente<\/li>\n<li>\u00c9coute et respect de la client\u00e8le<\/li>\n<li>Compr\u00e9hension des besoins du client<\/li>\n<\/ul>\n<p>[\/et_pb_blurb][\/et_pb_column][et_pb_column type=\u00a0\u00bb1_4&Prime; _builder_version=\u00a0\u00bb4.26.0&Prime; _module_preset=\u00a0\u00bbdefault\u00a0\u00bb global_colors_info=\u00a0\u00bb{}\u00a0\u00bb][et_pb_blurb title=\u00a0\u00bb2. Efficacit\u00e9\u00a0\u00bb image=\u00a0\u00bbhttps:\/\/guydrolic.com\/wp-content\/uploads\/2024\/07\/crochet-rouge.svg\u00a0\u00bb alt=\u00a0\u00bbcrochet-rouge\u00a0\u00bb _builder_version=\u00a0\u00bb4.27.0&Prime; _module_preset=\u00a0\u00bbdefault\u00a0\u00bb header_level=\u00a0\u00bbh3&Prime; locked=\u00a0\u00bboff\u00a0\u00bb global_colors_info=\u00a0\u00bb{}\u00a0\u00bb]<\/p>\n<ul>\n<li>Savoir-faire<\/li>\n<li>Diversit\u00e9 de solutions<\/li>\n<li>Plusieurs expertises<\/li>\n<\/ul>\n<p>[\/et_pb_blurb][\/et_pb_column][et_pb_column type=\u00a0\u00bb1_4&Prime; _builder_version=\u00a0\u00bb4.26.0&Prime; _module_preset=\u00a0\u00bbdefault\u00a0\u00bb global_colors_info=\u00a0\u00bb{}\u00a0\u00bb][et_pb_blurb title=\u00a0\u00bb3. Prix\u00a0\u00bb image=\u00a0\u00bbhttps:\/\/guydrolic.com\/wp-content\/uploads\/2024\/07\/crochet-rouge.svg\u00a0\u00bb alt=\u00a0\u00bbcrochet-rouge\u00a0\u00bb _builder_version=\u00a0\u00bb4.27.0&Prime; _module_preset=\u00a0\u00bbdefault\u00a0\u00bb header_level=\u00a0\u00bbh3&Prime; locked=\u00a0\u00bboff\u00a0\u00bb global_colors_info=\u00a0\u00bb{}\u00a0\u00bb]<\/p>\n<ul>\n<li>Programme de r\u00e9compense Multi points<\/li>\n<li>Prix comp\u00e9titif<\/li>\n<li>Accompagnement de financement<\/li>\n<\/ul>\n<p>[\/et_pb_blurb][\/et_pb_column][et_pb_column type=\u00a0\u00bb1_4&Prime; _builder_version=\u00a0\u00bb4.26.0&Prime; _module_preset=\u00a0\u00bbdefault\u00a0\u00bb global_colors_info=\u00a0\u00bb{}\u00a0\u00bb][et_pb_blurb title=\u00a0\u00bb4. Diversit\u00e9\u00a0\u00bb image=\u00a0\u00bbhttps:\/\/guydrolic.com\/wp-content\/uploads\/2024\/07\/crochet-rouge.svg\u00a0\u00bb alt=\u00a0\u00bbcrochet-rouge\u00a0\u00bb _builder_version=\u00a0\u00bb4.27.0&Prime; _module_preset=\u00a0\u00bbdefault\u00a0\u00bb header_level=\u00a0\u00bbh3&Prime; locked=\u00a0\u00bboff\u00a0\u00bb global_colors_info=\u00a0\u00bb{}\u00a0\u00bb]<\/p>\n<ul>\n<li>Plusieurs d\u00e9partements<\/li>\n<li>Diversit\u00e9 des produits<\/li>\n<li>Expertise Kobelco<\/li>\n<\/ul>\n<p>[\/et_pb_blurb][\/et_pb_column][\/et_pb_row][et_pb_row _builder_version=\u00a0\u00bb4.27.0&Prime; _module_preset=\u00a0\u00bbdefault\u00a0\u00bb global_colors_info=\u00a0\u00bb{}\u00a0\u00bb][et_pb_column type=\u00a0\u00bb4_4&Prime; _builder_version=\u00a0\u00bb4.26.0&Prime; _module_preset=\u00a0\u00bbdefault\u00a0\u00bb global_colors_info=\u00a0\u00bb{}\u00a0\u00bb][et_pb_button button_url=\u00a0\u00bbhttps:\/\/guydrolic.com\/fr\/services\/\u00a0\u00bb url_new_window=\u00a0\u00bbon\u00a0\u00bb button_text=\u00a0\u00bbNos services\u00a0\u00bb button_alignment=\u00a0\u00bbcenter\u00a0\u00bb _builder_version=\u00a0\u00bb4.27.0&Prime; _module_preset=\u00a0\u00bbdefault\u00a0\u00bb global_colors_info=\u00a0\u00bb{}\u00a0\u00bb][\/et_pb_button][\/et_pb_column][\/et_pb_row][\/et_pb_section][et_pb_section fb_built=\u00a0\u00bb1&Prime; _builder_version=\u00a0\u00bb4.26.1&Prime; _module_preset=\u00a0\u00bbdefault\u00a0\u00bb background_color=\u00a0\u00bb#e7f1f5&Prime; global_colors_info=\u00a0\u00bb{}\u00a0\u00bb][et_pb_row _builder_version=\u00a0\u00bb4.26.0&Prime; _module_preset=\u00a0\u00bbdefault\u00a0\u00bb global_colors_info=\u00a0\u00bb{}\u00a0\u00bb][et_pb_column type=\u00a0\u00bb4_4&Prime; _builder_version=\u00a0\u00bb4.26.0&Prime; _module_preset=\u00a0\u00bbdefault\u00a0\u00bb global_colors_info=\u00a0\u00bb{}\u00a0\u00bb][et_pb_text _builder_version=\u00a0\u00bb4.26.0&Prime; _module_preset=\u00a0\u00bbdefault\u00a0\u00bb global_colors_info=\u00a0\u00bb{}\u00a0\u00bb]<\/p>\n<h3 style=\"text-align: center;\">Nous d\u00e9tenons plusieurs expertises<\/h3>\n<h2 style=\"text-align: center;\">Confiez-nous votre projet<\/h2>\n<p>[\/et_pb_text][et_pb_button button_url=\u00a0\u00bbhttps:\/\/guydrolic.com\/fr\/soumission-en-ligne\/\u00a0\u00bb url_new_window=\u00a0\u00bbon\u00a0\u00bb button_text=\u00a0\u00bbDemande de soumission\u00a0\u00bb button_alignment=\u00a0\u00bbcenter\u00a0\u00bb _builder_version=\u00a0\u00bb4.27.0&Prime; _module_preset=\u00a0\u00bbdefault\u00a0\u00bb global_colors_info=\u00a0\u00bb{}\u00a0\u00bb][\/et_pb_button][\/et_pb_column][\/et_pb_row][\/et_pb_section][et_pb_section fb_built=\u00a0\u00bb1&Prime; module_class=\u00a0\u00bbtexte-blanc\u00a0\u00bb _builder_version=\u00a0\u00bb4.27.0&Prime; _module_preset=\u00a0\u00bbdefault\u00a0\u00bb background_image=\u00a0\u00bbhttps:\/\/guydrolic.com\/wp-content\/uploads\/2024\/07\/fond-multi-points-guydrolic.svg\u00a0\u00bb global_module=\u00a0\u00bb224&Prime; saved_tabs=\u00a0\u00bball\u00a0\u00bb global_colors_info=\u00a0\u00bb{}\u00a0\u00bb][et_pb_row _builder_version=\u00a0\u00bb4.25.1&Prime; _module_preset=\u00a0\u00bbdefault\u00a0\u00bb global_colors_info=\u00a0\u00bb{}\u00a0\u00bb][et_pb_column type=\u00a0\u00bb4_4&Prime; _builder_version=\u00a0\u00bb4.25.1&Prime; _module_preset=\u00a0\u00bbdefault\u00a0\u00bb global_colors_info=\u00a0\u00bb{}\u00a0\u00bb][et_pb_text _builder_version=\u00a0\u00bb4.27.0&Prime; _module_preset=\u00a0\u00bbdefault\u00a0\u00bb global_colors_info=\u00a0\u00bb{}\u00a0\u00bb]<\/p>\n<h3 style=\"text-align: center;\">Recevez des r\u00e9compenses Multi Points<\/h3>\n<h2 style=\"text-align: center;\">Un programme de r\u00e9compenses unique \u00e0 Guydrolic<\/h2>\n<p style=\"text-align: center;\">La carte Multi points est un programme de fid\u00e9lisation qui permet aux adh\u00e9rents du programme d\u2019obtenir des points pour chaque paiement conclu sur les achats effectu\u00e9s chez Guydrolic Inc., applicables sur toutes les pi\u00e8ces et la main-d\u2019\u0153uvre, excluant la machinerie et les \u00e9quipements. Ces points peuvent ensuite \u00eatre \u00e9chang\u00e9s contre une multitude de r\u00e9compenses.<\/p>\n<p>[\/et_pb_text][et_pb_text _builder_version=\u00a0\u00bb4.25.1&Prime; _module_preset=\u00a0\u00bbdefault\u00a0\u00bb global_colors_info=\u00a0\u00bb{}\u00a0\u00bb]<\/p>\n<h3 style=\"text-align: center;\">On vous r\u00e9compense pour vos bonnes habitudes de paiement. Utilisez vos points comme bon vous semble.<\/h3>\n<p>[\/et_pb_text][et_pb_button button_url=\u00a0\u00bb@ET-DC@eyJkeW5hbWljIjp0cnVlLCJjb250ZW50IjoicG9zdF9saW5rX3VybF9wYWdlIiwic2V0dGluZ3MiOnsicG9zdF9pZCI6IjUyIn19@\u00a0\u00bb button_text=\u00a0\u00bbVoir le programme Multi Points\u00a0\u00bb button_alignment=\u00a0\u00bbcenter\u00a0\u00bb module_class=\u00a0\u00bbbtn-outline\u00a0\u00bb _builder_version=\u00a0\u00bb4.25.1&Prime; _dynamic_attributes=\u00a0\u00bbbutton_url\u00a0\u00bb _module_preset=\u00a0\u00bbdefault\u00a0\u00bb global_colors_info=\u00a0\u00bb{}\u00a0\u00bb][\/et_pb_button][\/et_pb_column][\/et_pb_row][\/et_pb_section]<\/p>\n","protected":false},"excerpt":{"rendered":"<p>Guydrolic Sp\u00e9cialistes de la\u2028machinerie lourde\u00c0 l\u2019\u00e9coute des besoins de vos projets Expert en service \u00e0 la client\u00e8le Guydrolic est une entreprise bien ancr\u00e9e au sein de la collectivit\u00e9 du Lac-Saint-Jean. Sp\u00e9cialis\u00e9s en machinerie lourde, nous nous distinguons par notre excellent service \u00e0 la client\u00e8le, notre \u00e9coute attentive et notre respect envers notre client\u00e8le. Nous comprenons [&hellip;]<\/p>\n","protected":false},"author":5,"featured_media":0,"parent":0,"menu_order":0,"comment_status":"closed","ping_status":"closed","template":"","meta":{"_et_pb_use_builder":"on","_et_pb_old_content":"<!-- wp:divi\/placeholder \/-->","_et_gb_content_width":"","footnotes":""},"class_list":["post-42","page","type-page","status-publish","hentry"],"yoast_head":"<!-- This site is optimized with the Yoast SEO plugin v27.6 - https:\/\/yoast.com\/product\/yoast-seo-wordpress\/ -->\n<title>Concessionnaire Kobelco Canada | Guydrolic<\/title>\n<meta name=\"description\" content=\"Nous sommes sp\u00e9cialis\u00e9 en m\u00e9canique de machinerie lourde et avons le plus grand inventaire de pi\u00e8ces de machineries lourdes au Qu\u00e9bec.\" \/>\n<meta name=\"robots\" content=\"index, follow, max-snippet:-1, max-image-preview:large, max-video-preview:-1\" \/>\n<link rel=\"canonical\" href=\"https:\/\/guydrolic.com\/fr\/guydrolic\/\" \/>\n<meta property=\"og:locale\" content=\"fr_FR\" \/>\n<meta property=\"og:type\" content=\"article\" \/>\n<meta property=\"og:title\" content=\"Concessionnaire Kobelco Canada | Guydrolic\" \/>\n<meta property=\"og:description\" content=\"Nous sommes sp\u00e9cialis\u00e9 en m\u00e9canique de machinerie lourde et avons le plus grand inventaire de pi\u00e8ces de machineries lourdes au Qu\u00e9bec.\" \/>\n<meta property=\"og:url\" content=\"https:\/\/guydrolic.com\/fr\/guydrolic\/\" \/>\n<meta property=\"og:site_name\" content=\"Guydrolic Inc.\" \/>\n<meta property=\"article:modified_time\" content=\"2024-08-12T12:54:03+00:00\" \/>\n<meta name=\"twitter:card\" content=\"summary_large_image\" \/>\n<meta name=\"twitter:label1\" content=\"Dur\u00e9e de lecture estim\u00e9e\" \/>\n\t<meta name=\"twitter:data1\" content=\"3 minutes\" \/>\n<script type=\"application\/ld+json\" class=\"yoast-schema-graph\">{\"@context\":\"https:\\\/\\\/schema.org\",\"@graph\":[{\"@type\":\"WebPage\",\"@id\":\"https:\\\/\\\/guydrolic.com\\\/fr\\\/guydrolic\\\/\",\"url\":\"https:\\\/\\\/guydrolic.com\\\/fr\\\/guydrolic\\\/\",\"name\":\"Concessionnaire Kobelco Canada | Guydrolic\",\"isPartOf\":{\"@id\":\"https:\\\/\\\/guydrolic.com\\\/fr\\\/#website\"},\"datePublished\":\"2024-06-11T15:38:20+00:00\",\"dateModified\":\"2024-08-12T12:54:03+00:00\",\"description\":\"Nous sommes sp\u00e9cialis\u00e9 en m\u00e9canique de machinerie lourde et avons le plus grand inventaire de pi\u00e8ces de machineries lourdes au Qu\u00e9bec.\",\"breadcrumb\":{\"@id\":\"https:\\\/\\\/guydrolic.com\\\/fr\\\/guydrolic\\\/#breadcrumb\"},\"inLanguage\":\"fr-FR\",\"potentialAction\":[{\"@type\":\"ReadAction\",\"target\":[\"https:\\\/\\\/guydrolic.com\\\/fr\\\/guydrolic\\\/\"]}]},{\"@type\":\"BreadcrumbList\",\"@id\":\"https:\\\/\\\/guydrolic.com\\\/fr\\\/guydrolic\\\/#breadcrumb\",\"itemListElement\":[{\"@type\":\"ListItem\",\"position\":1,\"name\":\"Accueil\",\"item\":\"https:\\\/\\\/guydrolic.com\\\/fr\\\/\"},{\"@type\":\"ListItem\",\"position\":2,\"name\":\"Guydrolic\"}]},{\"@type\":\"WebSite\",\"@id\":\"https:\\\/\\\/guydrolic.com\\\/fr\\\/#website\",\"url\":\"https:\\\/\\\/guydrolic.com\\\/fr\\\/\",\"name\":\"Guydrolic Inc.\",\"description\":\"Concessionnaire Kobelco Canada\",\"publisher\":{\"@id\":\"https:\\\/\\\/guydrolic.com\\\/fr\\\/#organization\"},\"potentialAction\":[{\"@type\":\"SearchAction\",\"target\":{\"@type\":\"EntryPoint\",\"urlTemplate\":\"https:\\\/\\\/guydrolic.com\\\/fr\\\/?s={search_term_string}\"},\"query-input\":{\"@type\":\"PropertyValueSpecification\",\"valueRequired\":true,\"valueName\":\"search_term_string\"}}],\"inLanguage\":\"fr-FR\"},{\"@type\":\"Organization\",\"@id\":\"https:\\\/\\\/guydrolic.com\\\/fr\\\/#organization\",\"name\":\"Guydrolic\",\"url\":\"https:\\\/\\\/guydrolic.com\\\/fr\\\/\",\"logo\":{\"@type\":\"ImageObject\",\"inLanguage\":\"fr-FR\",\"@id\":\"https:\\\/\\\/guydrolic.com\\\/fr\\\/#\\\/schema\\\/logo\\\/image\\\/\",\"url\":\"https:\\\/\\\/guydrolic.com\\\/wp-content\\\/uploads\\\/2024\\\/09\\\/logo-guydrolic-2.svg\",\"contentUrl\":\"https:\\\/\\\/guydrolic.com\\\/wp-content\\\/uploads\\\/2024\\\/09\\\/logo-guydrolic-2.svg\",\"width\":409,\"height\":138,\"caption\":\"Guydrolic\"},\"image\":{\"@id\":\"https:\\\/\\\/guydrolic.com\\\/fr\\\/#\\\/schema\\\/logo\\\/image\\\/\"}}]}<\/script>\n<!-- \/ Yoast SEO plugin. -->","yoast_head_json":{"title":"Concessionnaire Kobelco Canada | Guydrolic","description":"Nous sommes sp\u00e9cialis\u00e9 en m\u00e9canique de machinerie lourde et avons le plus grand inventaire de pi\u00e8ces de machineries lourdes au Qu\u00e9bec.","robots":{"index":"index","follow":"follow","max-snippet":"max-snippet:-1","max-image-preview":"max-image-preview:large","max-video-preview":"max-video-preview:-1"},"canonical":"https:\/\/guydrolic.com\/fr\/guydrolic\/","og_locale":"fr_FR","og_type":"article","og_title":"Concessionnaire Kobelco Canada | Guydrolic","og_description":"Nous sommes sp\u00e9cialis\u00e9 en m\u00e9canique de machinerie lourde et avons le plus grand inventaire de pi\u00e8ces de machineries lourdes au Qu\u00e9bec.","og_url":"https:\/\/guydrolic.com\/fr\/guydrolic\/","og_site_name":"Guydrolic Inc.","article_modified_time":"2024-08-12T12:54:03+00:00","twitter_card":"summary_large_image","twitter_misc":{"Dur\u00e9e de lecture estim\u00e9e":"3 minutes"},"schema":{"@context":"https:\/\/schema.org","@graph":[{"@type":"WebPage","@id":"https:\/\/guydrolic.com\/fr\/guydrolic\/","url":"https:\/\/guydrolic.com\/fr\/guydrolic\/","name":"Concessionnaire Kobelco Canada | Guydrolic","isPartOf":{"@id":"https:\/\/guydrolic.com\/fr\/#website"},"datePublished":"2024-06-11T15:38:20+00:00","dateModified":"2024-08-12T12:54:03+00:00","description":"Nous sommes sp\u00e9cialis\u00e9 en m\u00e9canique de machinerie lourde et avons le plus grand inventaire de pi\u00e8ces de machineries lourdes au Qu\u00e9bec.","breadcrumb":{"@id":"https:\/\/guydrolic.com\/fr\/guydrolic\/#breadcrumb"},"inLanguage":"fr-FR","potentialAction":[{"@type":"ReadAction","target":["https:\/\/guydrolic.com\/fr\/guydrolic\/"]}]},{"@type":"BreadcrumbList","@id":"https:\/\/guydrolic.com\/fr\/guydrolic\/#breadcrumb","itemListElement":[{"@type":"ListItem","position":1,"name":"Accueil","item":"https:\/\/guydrolic.com\/fr\/"},{"@type":"ListItem","position":2,"name":"Guydrolic"}]},{"@type":"WebSite","@id":"https:\/\/guydrolic.com\/fr\/#website","url":"https:\/\/guydrolic.com\/fr\/","name":"Guydrolic Inc.","description":"Concessionnaire Kobelco Canada","publisher":{"@id":"https:\/\/guydrolic.com\/fr\/#organization"},"potentialAction":[{"@type":"SearchAction","target":{"@type":"EntryPoint","urlTemplate":"https:\/\/guydrolic.com\/fr\/?s={search_term_string}"},"query-input":{"@type":"PropertyValueSpecification","valueRequired":true,"valueName":"search_term_string"}}],"inLanguage":"fr-FR"},{"@type":"Organization","@id":"https:\/\/guydrolic.com\/fr\/#organization","name":"Guydrolic","url":"https:\/\/guydrolic.com\/fr\/","logo":{"@type":"ImageObject","inLanguage":"fr-FR","@id":"https:\/\/guydrolic.com\/fr\/#\/schema\/logo\/image\/","url":"https:\/\/guydrolic.com\/wp-content\/uploads\/2024\/09\/logo-guydrolic-2.svg","contentUrl":"https:\/\/guydrolic.com\/wp-content\/uploads\/2024\/09\/logo-guydrolic-2.svg","width":409,"height":138,"caption":"Guydrolic"},"image":{"@id":"https:\/\/guydrolic.com\/fr\/#\/schema\/logo\/image\/"}}]}},"_links":{"self":[{"href":"https:\/\/guydrolic.com\/fr\/wp-json\/wp\/v2\/pages\/42","targetHints":{"allow":["GET"]}}],"collection":[{"href":"https:\/\/guydrolic.com\/fr\/wp-json\/wp\/v2\/pages"}],"about":[{"href":"https:\/\/guydrolic.com\/fr\/wp-json\/wp\/v2\/types\/page"}],"author":[{"embeddable":true,"href":"https:\/\/guydrolic.com\/fr\/wp-json\/wp\/v2\/users\/5"}],"replies":[{"embeddable":true,"href":"https:\/\/guydrolic.com\/fr\/wp-json\/wp\/v2\/comments?post=42"}],"version-history":[{"count":29,"href":"https:\/\/guydrolic.com\/fr\/wp-json\/wp\/v2\/pages\/42\/revisions"}],"predecessor-version":[{"id":884,"href":"https:\/\/guydrolic.com\/fr\/wp-json\/wp\/v2\/pages\/42\/revisions\/884"}],"wp:attachment":[{"href":"https:\/\/guydrolic.com\/fr\/wp-json\/wp\/v2\/media?parent=42"}],"curies":[{"name":"wp","href":"https:\/\/api.w.org\/{rel}","templated":true}]}}